{"id":99,"date":"2021-01-21T10:55:25","date_gmt":"2021-01-21T10:55:25","guid":{"rendered":"https:\/\/www.3sen.expert\/?page_id=99"},"modified":"2024-05-08T11:24:55","modified_gmt":"2024-05-08T11:24:55","slug":"uber-mich","status":"publish","type":"page","link":"https:\/\/www.3sen.expert\/de\/uber-mich\/","title":{"rendered":"\u00dcber mich"},"content":{"rendered":"\t\t<div data-elementor-type=\"wp-page\" data-elementor-id=\"99\" class=\"elementor elementor-99\" data-elementor-post-type=\"page\">\n\t\t\t\t\t\t<section class=\"elementor-section elementor-top-section elementor-element elementor-element-6db467f elementor-section-boxed elementor-section-height-default elementor-section-height-default\" data-id=\"6db467f\" data-element_type=\"section\" data-e-type=\"section\">\n\t\t\t\t\t\t<div class=\"elementor-container elementor-column-gap-no\">\n\t\t\t\t\t<div class=\"elementor-column elementor-col-100 elementor-top-column elementor-element elementor-element-597d90a\" data-id=\"597d90a\" data-element_type=\"column\" data-e-type=\"column\">\n\t\t\t<div class=\"elementor-widget-wrap elementor-element-populated\">\n\t\t\t\t\t\t<div class=\"elementor-element elementor-element-628c8ed s120 elementor-widget elementor-widget-spacer\" data-id=\"628c8ed\" data-element_type=\"widget\" data-e-type=\"widget\" data-widget_type=\"spacer.default\">\n\t\t\t\t<div class=\"elementor-widget-container\">\n\t\t\t\t\t    <div class=\"elementor-spacer\">\n      <div class=\"elementor-spacer-inner\"><\/div>\n    <\/div>\n    \t\t\t\t<\/div>\n\t\t\t\t<\/div>\n\t\t\t\t<div class=\"elementor-element elementor-element-102db00 elementor-widget elementor-widget-image\" data-id=\"102db00\" data-element_type=\"widget\" data-e-type=\"widget\" data-widget_type=\"image.default\">\n\t\t\t\t<div class=\"elementor-widget-container\">\n\t\t\t\t\t\t\t\t\t\t\t\t\t\t\t<img fetchpriority=\"high\" decoding=\"async\" width=\"400\" height=\"400\" src=\"https:\/\/www.3sen.expert\/de\/wp-content\/uploads\/sites\/3\/2021\/01\/3sen.jpg\" class=\"attachment-full size-full wp-image-438\" alt=\"\" srcset=\"https:\/\/www.3sen.expert\/de\/wp-content\/uploads\/sites\/3\/2021\/01\/3sen.jpg 400w, https:\/\/www.3sen.expert\/de\/wp-content\/uploads\/sites\/3\/2021\/01\/3sen-300x300.jpg 300w, https:\/\/www.3sen.expert\/de\/wp-content\/uploads\/sites\/3\/2021\/01\/3sen-150x150.jpg 150w\" sizes=\"(max-width: 400px) 100vw, 400px\" \/>\t\t\t\t\t\t\t\t\t\t\t\t\t\t\t<\/div>\n\t\t\t\t<\/div>\n\t\t\t\t<div class=\"elementor-element elementor-element-25f5b34 elementor-widget elementor-widget-spacer\" data-id=\"25f5b34\" data-element_type=\"widget\" data-e-type=\"widget\" data-widget_type=\"spacer.default\">\n\t\t\t\t<div class=\"elementor-widget-container\">\n\t\t\t\t\t    <div class=\"elementor-spacer\">\n      <div class=\"elementor-spacer-inner\"><\/div>\n    <\/div>\n    \t\t\t\t<\/div>\n\t\t\t\t<\/div>\n\t\t\t\t<div class=\"elementor-element elementor-element-66d4042 elementor-widget elementor-widget-heading\" data-id=\"66d4042\" data-element_type=\"widget\" data-e-type=\"widget\" data-widget_type=\"heading.default\">\n\t\t\t\t<div class=\"elementor-widget-container\">\n\t\t\t\t\t<h1 class=\"elementor-heading-title elementor-size-default\">\u00dcber mich<\/h1>\t\t\t\t<\/div>\n\t\t\t\t<\/div>\n\t\t\t\t<section class=\"elementor-section elementor-inner-section elementor-element elementor-element-c6e3af0 elementor-section-boxed elementor-section-height-default elementor-section-height-default\" data-id=\"c6e3af0\" data-element_type=\"section\" data-e-type=\"section\">\n\t\t\t\t\t\t<div class=\"elementor-container elementor-column-gap-default\">\n\t\t\t\t\t<div class=\"elementor-column elementor-col-50 elementor-inner-column elementor-element elementor-element-84573ab\" data-id=\"84573ab\" data-element_type=\"column\" data-e-type=\"column\">\n\t\t\t<div class=\"elementor-widget-wrap elementor-element-populated\">\n\t\t\t\t\t\t<div class=\"elementor-element elementor-element-3930830 bigtext elementor-widget elementor-widget-text-editor\" data-id=\"3930830\" data-element_type=\"widget\" data-e-type=\"widget\" data-widget_type=\"text-editor.default\">\n\t\t\t\t<div class=\"elementor-widget-container\">\n\t\t\t\t\t\t\t\t\t<p>Mit meiner bodenst\u00e4ndigen friesischen Sichtweise und Erfahrung mit Schiffen kann ich die Probleme Ihres Traumschiffs wie kein anderer entdecken.<\/p>\t\t\t\t\t\t\t\t<\/div>\n\t\t\t\t<\/div>\n\t\t\t\t\t<\/div>\n\t\t<\/div>\n\t\t\t\t<div class=\"elementor-column elementor-col-50 elementor-inner-column elementor-element elementor-element-e78aa1c\" data-id=\"e78aa1c\" data-element_type=\"column\" data-e-type=\"column\">\n\t\t\t<div class=\"elementor-widget-wrap elementor-element-populated\">\n\t\t\t\t\t\t<div class=\"elementor-element elementor-element-5a7a539 bigtext elementor-widget elementor-widget-text-editor\" data-id=\"5a7a539\" data-element_type=\"widget\" data-e-type=\"widget\" data-widget_type=\"text-editor.default\">\n\t\t\t\t<div class=\"elementor-widget-container\">\n\t\t\t\t\t\t\t\t\t<p>Ich bin ehrlich zu Ihnen und versuche, l\u00f6sungsorientiert mitzudenken, sodas K\u00e4ufer und Verk\u00e4ufer zueinander gebracht werden k\u00f6nnen.<\/p>\t\t\t\t\t\t\t\t<\/div>\n\t\t\t\t<\/div>\n\t\t\t\t\t<\/div>\n\t\t<\/div>\n\t\t\t\t\t<\/div>\n\t\t<\/section>\n\t\t\t\t<div class=\"elementor-element elementor-element-cc25bac s80 elementor-widget elementor-widget-spacer\" data-id=\"cc25bac\" data-element_type=\"widget\" data-e-type=\"widget\" data-widget_type=\"spacer.default\">\n\t\t\t\t<div class=\"elementor-widget-container\">\n\t\t\t\t\t    <div class=\"elementor-spacer\">\n      <div class=\"elementor-spacer-inner\"><\/div>\n    <\/div>\n    \t\t\t\t<\/div>\n\t\t\t\t<\/div>\n\t\t\t\t<section class=\"elementor-section elementor-inner-section elementor-element elementor-element-2b4d406 elementor-section-boxed elementor-section-height-default elementor-section-height-default\" data-id=\"2b4d406\" data-element_type=\"section\" data-e-type=\"section\">\n\t\t\t\t\t\t<div class=\"elementor-container elementor-column-gap-default\">\n\t\t\t\t\t<div class=\"elementor-column elementor-col-50 elementor-inner-column elementor-element elementor-element-5a041eb\" data-id=\"5a041eb\" data-element_type=\"column\" data-e-type=\"column\">\n\t\t\t<div class=\"elementor-widget-wrap elementor-element-populated\">\n\t\t\t\t\t\t<div class=\"elementor-element elementor-element-178d3da elementor-widget elementor-widget-heading\" data-id=\"178d3da\" data-element_type=\"widget\" data-e-type=\"widget\" data-widget_type=\"heading.default\">\n\t\t\t\t<div class=\"elementor-widget-container\">\n\t\t\t\t\t<h2 class=\"elementor-heading-title elementor-size-default\">Jeroen Driessen<\/h2>\t\t\t\t<\/div>\n\t\t\t\t<\/div>\n\t\t\t\t<div class=\"elementor-element elementor-element-5b8f301 elementor-widget elementor-widget-text-editor\" data-id=\"5b8f301\" data-element_type=\"widget\" data-e-type=\"widget\" data-widget_type=\"text-editor.default\">\n\t\t\t\t<div class=\"elementor-widget-container\">\n\t\t\t\t\t\t\t\t\t<p>Schon als Junge habe ich im Wassersport gearbeitet.<\/p><p>W\u00e4hrend meiner Kindheit segelte ich mit meinen Eltern auf verschiedenen Motorbooten im In- und Ausland.<\/p><p>Ab dem 12. Lebensjahr arbeitete ich im Hafen meiner Eltern und ab dem 15. Lebensjahr auch in der Vermietung von Schiffen.<\/p><p>Nach einer technischen Ausbildung gewann ich umfangreiche Erfahrungen als Allround-Mechaniker von Motorbooten bei verschiedenen Wassersportunternehmen.<span class=\"Apple-converted-space\">\u00a0<\/span><\/p><p>Neben dem Neubau verschiedener Motorboote habe ich auch viel Erfahrung in der L\u00f6sung von St\u00f6rungen und anderer Probleme gesammelt, die bei verschiedenen Schiffstypen eine Rolle spielen k\u00f6nnen.<\/p>\t\t\t\t\t\t\t\t<\/div>\n\t\t\t\t<\/div>\n\t\t\t\t\t<\/div>\n\t\t<\/div>\n\t\t\t\t<div class=\"elementor-column elementor-col-50 elementor-inner-column elementor-element elementor-element-11cb565\" data-id=\"11cb565\" data-element_type=\"column\" data-e-type=\"column\">\n\t\t\t<div class=\"elementor-widget-wrap elementor-element-populated\">\n\t\t\t\t\t\t<div class=\"elementor-element elementor-element-8d8c443 elementor-widget elementor-widget-heading\" data-id=\"8d8c443\" data-element_type=\"widget\" data-e-type=\"widget\" data-widget_type=\"heading.default\">\n\t\t\t\t<div class=\"elementor-widget-container\">\n\t\t\t\t\t<h2 class=\"elementor-heading-title elementor-size-default\">Arbeitserfahrung<\/h2>\t\t\t\t<\/div>\n\t\t\t\t<\/div>\n\t\t\t\t<div class=\"elementor-element elementor-element-6e6afb2 elementor-widget elementor-widget-text-editor\" data-id=\"6e6afb2\" data-element_type=\"widget\" data-e-type=\"widget\" data-widget_type=\"text-editor.default\">\n\t\t\t\t<div class=\"elementor-widget-container\">\n\t\t\t\t\t\t\t\t\t<p>Seit meinem 25. Lebensjahr habe ich bei unterschiedlichen<span class=\"Apple-converted-space\">\u00a0 <\/span>Yachtmaklern, f\u00fchrenden Werften und Wassersportunternehmen gearbeitet. Hier habe ich viel Erfahrung als Allround-Wassersportmechaniker im Neubau beim Bau v\u00f6llig unterschiedlicher Installationen in Motoryachten und der Installation verschiedener Navigationsger\u00e4te und Zubeh\u00f6rteile gesammelt. Als Servicetechniker habe ich jahrelang den Service und die Wartung an Bord von Schiffen durchgef\u00fchrt. Die Behebung von Motorst\u00f6rungen in allen g\u00e4ngigen elektrischen und technischen Installationen von Motoryachten war ebenfalls eine meiner Aufgaben.<\/p><p>Ab 2009 hatte ich eine Vorreiterrolle in einem Yachtzentrum, bei einem Hersteller von Motoryachten und f\u00fchrte ich dabei<span class=\"Apple-converted-space\">\u00a0 <\/span>aller g\u00e4ngigen Service- und Umr\u00fcstungsarbeiten aus. Auch geh\u00f6rt die Anpassung der Ausstattung und Ausr\u00fcstung von Schiffen an die heutigen Anforderungen zu meinem Fachwissen.<span class=\"Apple-converted-space\">\u00a0<\/span><\/p>\t\t\t\t\t\t\t\t<\/div>\n\t\t\t\t<\/div>\n\t\t\t\t\t<\/div>\n\t\t<\/div>\n\t\t\t\t\t<\/div>\n\t\t<\/section>\n\t\t\t\t<div class=\"elementor-element elementor-element-f03a98f s120 elementor-widget elementor-widget-spacer\" data-id=\"f03a98f\" data-element_type=\"widget\" data-e-type=\"widget\" data-widget_type=\"spacer.default\">\n\t\t\t\t<div class=\"elementor-widget-container\">\n\t\t\t\t\t    <div class=\"elementor-spacer\">\n      <div class=\"elementor-spacer-inner\"><\/div>\n    <\/div>\n    \t\t\t\t<\/div>\n\t\t\t\t<\/div>\n\t\t\t\t\t<\/div>\n\t\t<\/div>\n\t\t\t\t\t<\/div>\n\t\t<\/section>\n\t\t\t\t<section class=\"elementor-section elementor-top-section elementor-element elementor-element-8e392fb elementor-section-boxed elementor-section-height-default elementor-section-height-default\" data-id=\"8e392fb\" data-element_type=\"section\" data-e-type=\"section\">\n\t\t\t\t\t\t<div class=\"elementor-container elementor-column-gap-no\">\n\t\t\t\t\t<div class=\"elementor-column elementor-col-100 elementor-top-column elementor-element elementor-element-a3e7410\" data-id=\"a3e7410\" data-element_type=\"column\" data-e-type=\"column\">\n\t\t\t<div class=\"elementor-widget-wrap elementor-element-populated\">\n\t\t\t\t\t\t<div class=\"elementor-element elementor-element-e907473 subtitle elementor-widget elementor-widget-heading\" data-id=\"e907473\" data-element_type=\"widget\" data-e-type=\"widget\" data-widget_type=\"heading.default\">\n\t\t\t\t<div class=\"elementor-widget-container\">\n\t\t\t\t\t<div class=\"elementor-heading-title elementor-size-default\">DIENSTLEISTUNGEN<\/div>\t\t\t\t<\/div>\n\t\t\t\t<\/div>\n\t\t\t\t<div class=\"elementor-element elementor-element-99a920d elementor-widget elementor-widget-heading\" data-id=\"99a920d\" data-element_type=\"widget\" data-e-type=\"widget\" data-widget_type=\"heading.default\">\n\t\t\t\t<div class=\"elementor-widget-container\">\n\t\t\t\t\t<h2 class=\"elementor-heading-title elementor-size-default\">Womit kann ich Ihnen helfen?<\/h2>\t\t\t\t<\/div>\n\t\t\t\t<\/div>\n\t\t\t\t<div class=\"elementor-element elementor-element-525d592 s30 elementor-widget elementor-widget-spacer\" data-id=\"525d592\" data-element_type=\"widget\" data-e-type=\"widget\" data-widget_type=\"spacer.default\">\n\t\t\t\t<div class=\"elementor-widget-container\">\n\t\t\t\t\t    <div class=\"elementor-spacer\">\n      <div class=\"elementor-spacer-inner\"><\/div>\n    <\/div>\n    \t\t\t\t<\/div>\n\t\t\t\t<\/div>\n\t\t\t\t\t<\/div>\n\t\t<\/div>\n\t\t\t\t\t<\/div>\n\t\t<\/section>\n\t\t\t\t<section class=\"elementor-section elementor-top-section elementor-element elementor-element-6b6a745 elementor-section-full_width elementor-section-height-default elementor-section-height-default\" data-id=\"6b6a745\" data-element_type=\"section\" data-e-type=\"section\">\n\t\t\t\t\t\t<div class=\"elementor-container elementor-column-gap-no\">\n\t\t\t\t\t<div class=\"elementor-column elementor-col-100 elementor-top-column elementor-element elementor-element-4f037f7\" data-id=\"4f037f7\" data-element_type=\"column\" data-e-type=\"column\">\n\t\t\t<div class=\"elementor-widget-wrap elementor-element-populated\">\n\t\t\t\t\t\t<div class=\"elementor-element elementor-element-4ae66f6 elementor-widget elementor-widget-card\" data-id=\"4ae66f6\" data-element_type=\"widget\" data-e-type=\"widget\" data-widget_type=\"card.default\">\n\t\t\t\t<div class=\"elementor-widget-container\">\n\t\t\t\t\t      <div class='max-width'>\n        <div class=\"card\">\n          <div class=\"image\" style=\"background-image: url(https:\/\/www.3sen.expert\/de\/wp-content\/uploads\/sites\/3\/2021\/03\/diensten2.jpg)\"><\/div>\n          <div class='content'>\n            <h3>Dienstleistungen<\/h3>\n            <div class=\"text\"><p>Ich f\u00fchre Inspektionen von Schiffen und Motoryachten durch. Ich habe jahrelange Erfahrung im Wassersport und eine bodenst\u00e4ndige friesische Sicht auf Schiffe.<\/p><ul><li>Schneller Scan<\/li><li>Gutachten<\/li><li>Messung der Oberfl\u00e4chendicke<\/li><li>Feuchtigkeitsmessung \/ Osmose<\/li><li>Technische Teilinspektion<\/li><li>Bauaufsicht<\/li><li>Gasinspektion<\/li><\/ul><\/div>\n            \n            <a class=\"button\" href=\"\"><\/a>\n          <\/div>\n        <\/div>\n        \n      <\/div>\n    \t\t\t\t<\/div>\n\t\t\t\t<\/div>\n\t\t\t\t<div class=\"elementor-element elementor-element-2fce7b0 s120 elementor-widget elementor-widget-spacer\" data-id=\"2fce7b0\" data-element_type=\"widget\" data-e-type=\"widget\" data-widget_type=\"spacer.default\">\n\t\t\t\t<div class=\"elementor-widget-container\">\n\t\t\t\t\t    <div class=\"elementor-spacer\">\n      <div class=\"elementor-spacer-inner\"><\/div>\n    <\/div>\n    \t\t\t\t<\/div>\n\t\t\t\t<\/div>\n\t\t\t\t\t<\/div>\n\t\t<\/div>\n\t\t\t\t\t<\/div>\n\t\t<\/section>\n\t\t\t\t<section class=\"elementor-section elementor-top-section elementor-element elementor-element-7250b96 elementor-section-boxed elementor-section-height-default elementor-section-height-default\" data-id=\"7250b96\" data-element_type=\"section\" data-e-type=\"section\">\n\t\t\t\t\t\t<div class=\"elementor-container elementor-column-gap-no\">\n\t\t\t\t\t<div class=\"elementor-column elementor-col-100 elementor-top-column elementor-element elementor-element-6407e1a\" data-id=\"6407e1a\" data-element_type=\"column\" data-e-type=\"column\">\n\t\t\t<div class=\"elementor-widget-wrap elementor-element-populated\">\n\t\t\t\t\t\t<div class=\"elementor-element elementor-element-94124df subtitle elementor-widget elementor-widget-heading\" data-id=\"94124df\" data-element_type=\"widget\" data-e-type=\"widget\" data-widget_type=\"heading.default\">\n\t\t\t\t<div class=\"elementor-widget-container\">\n\t\t\t\t\t<div class=\"elementor-heading-title elementor-size-default\">BEISPIEL<\/div>\t\t\t\t<\/div>\n\t\t\t\t<\/div>\n\t\t\t\t<div class=\"elementor-element elementor-element-da15641 elementor-widget elementor-widget-heading\" data-id=\"da15641\" data-element_type=\"widget\" data-e-type=\"widget\" data-widget_type=\"heading.default\">\n\t\t\t\t<div class=\"elementor-widget-container\">\n\t\t\t\t\t<h2 class=\"elementor-heading-title elementor-size-default\">Kaufinspektion<\/h2>\t\t\t\t<\/div>\n\t\t\t\t<\/div>\n\t\t\t\t\t<\/div>\n\t\t<\/div>\n\t\t\t\t\t<\/div>\n\t\t<\/section>\n\t\t\t\t<section class=\"elementor-section elementor-top-section elementor-element elementor-element-c17b6cb elementor-section-full_width elementor-section-height-default elementor-section-height-default\" data-id=\"c17b6cb\" data-element_type=\"section\" data-e-type=\"section\">\n\t\t\t\t\t\t<div class=\"elementor-container elementor-column-gap-no\">\n\t\t\t\t\t<div class=\"elementor-column elementor-col-100 elementor-top-column elementor-element elementor-element-acca70c\" data-id=\"acca70c\" data-element_type=\"column\" data-e-type=\"column\">\n\t\t\t<div class=\"elementor-widget-wrap elementor-element-populated\">\n\t\t\t\t\t\t<div class=\"elementor-element elementor-element-0bbabbc s30 elementor-widget elementor-widget-spacer\" data-id=\"0bbabbc\" data-element_type=\"widget\" data-e-type=\"widget\" data-widget_type=\"spacer.default\">\n\t\t\t\t<div class=\"elementor-widget-container\">\n\t\t\t\t\t    <div class=\"elementor-spacer\">\n      <div class=\"elementor-spacer-inner\"><\/div>\n    <\/div>\n    \t\t\t\t<\/div>\n\t\t\t\t<\/div>\n\t\t\t\t<div class=\"elementor-element elementor-element-22efde6 elementor-widget elementor-widget-global elementor-global-617 elementor-widget-card\" data-id=\"22efde6\" data-element_type=\"widget\" data-e-type=\"widget\" data-widget_type=\"card.default\">\n\t\t\t\t<div class=\"elementor-widget-container\">\n\t\t\t\t\t      <div class='max-width'>\n        <div class=\"card\">\n          <div class=\"image\" style=\"background-image: url(https:\/\/www.3sen.expert\/wp-content\/uploads\/2021\/01\/kraan2.jpg)\"><\/div>\n          <div class='content'>\n            <h3>Kaufinspektion<\/h3>\n            <div class=\"text\"><p>Bei der Inspektion einer Yacht ist viel zu beachten. Ich nehme Sie gerne mit bei dieser Inspektion und erkl\u00e4re Ihnen gerne, wie eine solche Inspektion funktioniert.<\/p><\/div>\n            \n            <a class=\"button\" href=\"\/de\/kaufinspektion-beispiel\">Weiter lesen<\/a>\n          <\/div>\n        <\/div>\n        \n      <\/div>\n    \t\t\t\t<\/div>\n\t\t\t\t<\/div>\n\t\t\t\t<div class=\"elementor-element elementor-element-c120da0 s120 elementor-widget elementor-widget-spacer\" data-id=\"c120da0\" data-element_type=\"widget\" data-e-type=\"widget\" data-widget_type=\"spacer.default\">\n\t\t\t\t<div class=\"elementor-widget-container\">\n\t\t\t\t\t    <div class=\"elementor-spacer\">\n      <div class=\"elementor-spacer-inner\"><\/div>\n    <\/div>\n    \t\t\t\t<\/div>\n\t\t\t\t<\/div>\n\t\t\t\t\t<\/div>\n\t\t<\/div>\n\t\t\t\t\t<\/div>\n\t\t<\/section>\n\t\t\t\t<\/div>\n\t\t","protected":false},"excerpt":{"rendered":"<p>\u00dcber mich Mit meiner bodenst\u00e4ndigen friesischen Sichtweise und Erfahrung mit Schiffen kann ich die Probleme Ihres Traumschiffs wie kein anderer entdecken. Ich bin ehrlich zu Ihnen und versuche, l\u00f6sungsorientiert mitzudenken, sodas K\u00e4ufer und Verk\u00e4ufer zueinander gebracht werden k\u00f6nnen. Jeroen Driessen Schon als Junge habe ich im Wassersport gearbeitet. W\u00e4hrend meiner Kindheit segelte ich mit meinen [&hellip;]<\/p>\n","protected":false},"author":1,"featured_media":0,"parent":0,"menu_order":0,"comment_status":"closed","ping_status":"closed","template":"","meta":{"footnotes":""},"categories":[],"class_list":["post-99","page","type-page","status-publish","hentry"],"yoast_head":"<!-- This site is optimized with the Yoast SEO plugin v27.5 - https:\/\/yoast.com\/product\/yoast-seo-wordpress\/ -->\n<title>\u00dcber mich - 3sen Yacht Expertise<\/title>\n<meta name=\"robots\" content=\"index, follow, max-snippet:-1, max-image-preview:large, max-video-preview:-1\" \/>\n<link rel=\"canonical\" href=\"https:\/\/www.3sen.expert\/de\/uber-mich\/\" \/>\n<meta property=\"og:locale\" content=\"de_DE\" \/>\n<meta property=\"og:type\" content=\"article\" \/>\n<meta property=\"og:title\" content=\"\u00dcber mich - 3sen Yacht Expertise\" \/>\n<meta property=\"og:description\" content=\"\u00dcber mich Mit meiner bodenst\u00e4ndigen friesischen Sichtweise und Erfahrung mit Schiffen kann ich die Probleme Ihres Traumschiffs wie kein anderer entdecken. Ich bin ehrlich zu Ihnen und versuche, l\u00f6sungsorientiert mitzudenken, sodas K\u00e4ufer und Verk\u00e4ufer zueinander gebracht werden k\u00f6nnen. Jeroen Driessen Schon als Junge habe ich im Wassersport gearbeitet. W\u00e4hrend meiner Kindheit segelte ich mit meinen [&hellip;]\" \/>\n<meta property=\"og:url\" content=\"https:\/\/www.3sen.expert\/de\/uber-mich\/\" \/>\n<meta property=\"og:site_name\" content=\"3sen Yacht Expertise\" \/>\n<meta property=\"article:modified_time\" content=\"2024-05-08T11:24:55+00:00\" \/>\n<meta property=\"og:image\" content=\"https:\/\/www.3sen.expert\/de\/wp-content\/uploads\/sites\/3\/2021\/01\/3sen.jpg\" \/>\n<meta name=\"twitter:card\" content=\"summary_large_image\" \/>\n<meta name=\"twitter:label1\" content=\"Est. reading time\" \/>\n\t<meta name=\"twitter:data1\" content=\"2 minutes\" \/>\n<script type=\"application\/ld+json\" class=\"yoast-schema-graph\">{\"@context\":\"https:\\\/\\\/schema.org\",\"@graph\":[{\"@type\":\"WebPage\",\"@id\":\"https:\\\/\\\/www.3sen.expert\\\/de\\\/uber-mich\\\/\",\"url\":\"https:\\\/\\\/www.3sen.expert\\\/de\\\/uber-mich\\\/\",\"name\":\"\u00dcber mich - 3sen Yacht Expertise\",\"isPartOf\":{\"@id\":\"https:\\\/\\\/www.3sen.expert\\\/de\\\/#website\"},\"primaryImageOfPage\":{\"@id\":\"https:\\\/\\\/www.3sen.expert\\\/de\\\/uber-mich\\\/#primaryimage\"},\"image\":{\"@id\":\"https:\\\/\\\/www.3sen.expert\\\/de\\\/uber-mich\\\/#primaryimage\"},\"thumbnailUrl\":\"https:\\\/\\\/www.3sen.expert\\\/de\\\/wp-content\\\/uploads\\\/sites\\\/3\\\/2021\\\/01\\\/3sen.jpg\",\"datePublished\":\"2021-01-21T10:55:25+00:00\",\"dateModified\":\"2024-05-08T11:24:55+00:00\",\"breadcrumb\":{\"@id\":\"https:\\\/\\\/www.3sen.expert\\\/de\\\/uber-mich\\\/#breadcrumb\"},\"inLanguage\":\"de\",\"potentialAction\":[{\"@type\":\"ReadAction\",\"target\":[\"https:\\\/\\\/www.3sen.expert\\\/de\\\/uber-mich\\\/\"]}]},{\"@type\":\"ImageObject\",\"inLanguage\":\"de\",\"@id\":\"https:\\\/\\\/www.3sen.expert\\\/de\\\/uber-mich\\\/#primaryimage\",\"url\":\"https:\\\/\\\/www.3sen.expert\\\/de\\\/wp-content\\\/uploads\\\/sites\\\/3\\\/2021\\\/01\\\/3sen.jpg\",\"contentUrl\":\"https:\\\/\\\/www.3sen.expert\\\/de\\\/wp-content\\\/uploads\\\/sites\\\/3\\\/2021\\\/01\\\/3sen.jpg\",\"width\":400,\"height\":400},{\"@type\":\"BreadcrumbList\",\"@id\":\"https:\\\/\\\/www.3sen.expert\\\/de\\\/uber-mich\\\/#breadcrumb\",\"itemListElement\":[{\"@type\":\"ListItem\",\"position\":1,\"name\":\"Home\",\"item\":\"https:\\\/\\\/www.3sen.expert\\\/de\\\/\"},{\"@type\":\"ListItem\",\"position\":2,\"name\":\"\u00dcber mich\"}]},{\"@type\":\"WebSite\",\"@id\":\"https:\\\/\\\/www.3sen.expert\\\/de\\\/#website\",\"url\":\"https:\\\/\\\/www.3sen.expert\\\/de\\\/\",\"name\":\"3sen Yacht Expertise\",\"description\":\"Sicherheit \u00fcber den Zustand Ihres Traumschiffes\",\"potentialAction\":[{\"@type\":\"SearchAction\",\"target\":{\"@type\":\"EntryPoint\",\"urlTemplate\":\"https:\\\/\\\/www.3sen.expert\\\/de\\\/?s={search_term_string}\"},\"query-input\":{\"@type\":\"PropertyValueSpecification\",\"valueRequired\":true,\"valueName\":\"search_term_string\"}}],\"inLanguage\":\"de\"}]}<\/script>\n<!-- \/ Yoast SEO plugin. -->","yoast_head_json":{"title":"\u00dcber mich - 3sen Yacht Expertise","robots":{"index":"index","follow":"follow","max-snippet":"max-snippet:-1","max-image-preview":"max-image-preview:large","max-video-preview":"max-video-preview:-1"},"canonical":"https:\/\/www.3sen.expert\/de\/uber-mich\/","og_locale":"de_DE","og_type":"article","og_title":"\u00dcber mich - 3sen Yacht Expertise","og_description":"\u00dcber mich Mit meiner bodenst\u00e4ndigen friesischen Sichtweise und Erfahrung mit Schiffen kann ich die Probleme Ihres Traumschiffs wie kein anderer entdecken. Ich bin ehrlich zu Ihnen und versuche, l\u00f6sungsorientiert mitzudenken, sodas K\u00e4ufer und Verk\u00e4ufer zueinander gebracht werden k\u00f6nnen. Jeroen Driessen Schon als Junge habe ich im Wassersport gearbeitet. W\u00e4hrend meiner Kindheit segelte ich mit meinen [&hellip;]","og_url":"https:\/\/www.3sen.expert\/de\/uber-mich\/","og_site_name":"3sen Yacht Expertise","article_modified_time":"2024-05-08T11:24:55+00:00","og_image":[{"url":"https:\/\/www.3sen.expert\/de\/wp-content\/uploads\/sites\/3\/2021\/01\/3sen.jpg","type":"","width":"","height":""}],"twitter_card":"summary_large_image","twitter_misc":{"Est. reading time":"2 minutes"},"schema":{"@context":"https:\/\/schema.org","@graph":[{"@type":"WebPage","@id":"https:\/\/www.3sen.expert\/de\/uber-mich\/","url":"https:\/\/www.3sen.expert\/de\/uber-mich\/","name":"\u00dcber mich - 3sen Yacht Expertise","isPartOf":{"@id":"https:\/\/www.3sen.expert\/de\/#website"},"primaryImageOfPage":{"@id":"https:\/\/www.3sen.expert\/de\/uber-mich\/#primaryimage"},"image":{"@id":"https:\/\/www.3sen.expert\/de\/uber-mich\/#primaryimage"},"thumbnailUrl":"https:\/\/www.3sen.expert\/de\/wp-content\/uploads\/sites\/3\/2021\/01\/3sen.jpg","datePublished":"2021-01-21T10:55:25+00:00","dateModified":"2024-05-08T11:24:55+00:00","breadcrumb":{"@id":"https:\/\/www.3sen.expert\/de\/uber-mich\/#breadcrumb"},"inLanguage":"de","potentialAction":[{"@type":"ReadAction","target":["https:\/\/www.3sen.expert\/de\/uber-mich\/"]}]},{"@type":"ImageObject","inLanguage":"de","@id":"https:\/\/www.3sen.expert\/de\/uber-mich\/#primaryimage","url":"https:\/\/www.3sen.expert\/de\/wp-content\/uploads\/sites\/3\/2021\/01\/3sen.jpg","contentUrl":"https:\/\/www.3sen.expert\/de\/wp-content\/uploads\/sites\/3\/2021\/01\/3sen.jpg","width":400,"height":400},{"@type":"BreadcrumbList","@id":"https:\/\/www.3sen.expert\/de\/uber-mich\/#breadcrumb","itemListElement":[{"@type":"ListItem","position":1,"name":"Home","item":"https:\/\/www.3sen.expert\/de\/"},{"@type":"ListItem","position":2,"name":"\u00dcber mich"}]},{"@type":"WebSite","@id":"https:\/\/www.3sen.expert\/de\/#website","url":"https:\/\/www.3sen.expert\/de\/","name":"3sen Yacht Expertise","description":"Sicherheit \u00fcber den Zustand Ihres Traumschiffes","potentialAction":[{"@type":"SearchAction","target":{"@type":"EntryPoint","urlTemplate":"https:\/\/www.3sen.expert\/de\/?s={search_term_string}"},"query-input":{"@type":"PropertyValueSpecification","valueRequired":true,"valueName":"search_term_string"}}],"inLanguage":"de"}]}},"_links":{"self":[{"href":"https:\/\/www.3sen.expert\/de\/wp-json\/wp\/v2\/pages\/99","targetHints":{"allow":["GET"]}}],"collection":[{"href":"https:\/\/www.3sen.expert\/de\/wp-json\/wp\/v2\/pages"}],"about":[{"href":"https:\/\/www.3sen.expert\/de\/wp-json\/wp\/v2\/types\/page"}],"author":[{"embeddable":true,"href":"https:\/\/www.3sen.expert\/de\/wp-json\/wp\/v2\/users\/1"}],"replies":[{"embeddable":true,"href":"https:\/\/www.3sen.expert\/de\/wp-json\/wp\/v2\/comments?post=99"}],"version-history":[{"count":170,"href":"https:\/\/www.3sen.expert\/de\/wp-json\/wp\/v2\/pages\/99\/revisions"}],"predecessor-version":[{"id":907,"href":"https:\/\/www.3sen.expert\/de\/wp-json\/wp\/v2\/pages\/99\/revisions\/907"}],"wp:attachment":[{"href":"https:\/\/www.3sen.expert\/de\/wp-json\/wp\/v2\/media?parent=99"}],"wp:term":[{"taxonomy":"category","embeddable":true,"href":"https:\/\/www.3sen.expert\/de\/wp-json\/wp\/v2\/categories?post=99"}],"curies":[{"name":"wp","href":"https:\/\/api.w.org\/{rel}","templated":true}]}}