{"id":782,"date":"2024-02-15T15:31:22","date_gmt":"2024-02-15T15:31:22","guid":{"rendered":"https:\/\/www.3sen.expert\/de\/?page_id=782"},"modified":"2024-07-01T18:15:58","modified_gmt":"2024-07-01T18:15:58","slug":"feuchtigkeitsmessung","status":"publish","type":"page","link":"https:\/\/www.3sen.expert\/de\/feuchtigkeitsmessung\/","title":{"rendered":"Feuchtigkeitsmessung \/ Osmose"},"content":{"rendered":"\t\t<div data-elementor-type=\"wp-page\" data-elementor-id=\"782\" class=\"elementor elementor-782\" data-elementor-post-type=\"page\">\n\t\t\t\t\t\t<section class=\"elementor-section elementor-top-section elementor-element elementor-element-0d45a29 elementor-section-boxed elementor-section-height-default elementor-section-height-default\" data-id=\"0d45a29\" data-element_type=\"section\" data-e-type=\"section\">\n\t\t\t\t\t\t<div class=\"elementor-container elementor-column-gap-default\">\n\t\t\t\t\t<div class=\"elementor-column elementor-col-100 elementor-top-column elementor-element elementor-element-e774941\" data-id=\"e774941\" data-element_type=\"column\" data-e-type=\"column\">\n\t\t\t<div class=\"elementor-widget-wrap\">\n\t\t\t\t\t\t\t<\/div>\n\t\t<\/div>\n\t\t\t\t\t<\/div>\n\t\t<\/section>\n\t\t\t\t<section class=\"elementor-section elementor-top-section elementor-element elementor-element-371ec06 elementor-section-full_width elementor-section-height-default elementor-section-height-default\" data-id=\"371ec06\" data-element_type=\"section\" data-e-type=\"section\">\n\t\t\t\t\t\t<div class=\"elementor-container elementor-column-gap-default\">\n\t\t\t\t\t<div class=\"elementor-column elementor-col-100 elementor-top-column elementor-element elementor-element-0eafaee\" data-id=\"0eafaee\" data-element_type=\"column\" data-e-type=\"column\">\n\t\t\t<div class=\"elementor-widget-wrap elementor-element-populated\">\n\t\t\t\t\t\t<div class=\"elementor-element elementor-element-0c4ec65 s120 elementor-widget elementor-widget-spacer\" data-id=\"0c4ec65\" data-element_type=\"widget\" data-e-type=\"widget\" data-widget_type=\"spacer.default\">\n\t\t\t\t<div class=\"elementor-widget-container\">\n\t\t\t\t\t    <div class=\"elementor-spacer\">\n      <div class=\"elementor-spacer-inner\"><\/div>\n    <\/div>\n    \t\t\t\t<\/div>\n\t\t\t\t<\/div>\n\t\t\t\t<div class=\"elementor-element elementor-element-e90a2c3 elementor-widget elementor-widget-heading\" data-id=\"e90a2c3\" data-element_type=\"widget\" data-e-type=\"widget\" data-widget_type=\"heading.default\">\n\t\t\t\t<div class=\"elementor-widget-container\">\n\t\t\t\t\t<h1 class=\"elementor-heading-title elementor-size-default\">Feuchtigkeitsmessung Boot<\/h1>\t\t\t\t<\/div>\n\t\t\t\t<\/div>\n\t\t\t\t<div class=\"elementor-element elementor-element-53e56d3 elementor-widget elementor-widget-jumplist\" data-id=\"53e56d3\" data-element_type=\"widget\" data-e-type=\"widget\" data-widget_type=\"jumplist.default\">\n\t\t\t\t<div class=\"elementor-widget-container\">\n\t\t\t\t\t    <div class=\" header\" >\n    <div class='max-width'>\n      <div class=\"intro\">\n        <p>Osmose, wie wir sie h\u00e4ufig bei Polyesterbooten beobachten, wird durch das Eindringen von Wasser in die Gelschicht verursacht. Dieser Prozess l\u00e4uft in mehreren Phasen ab.<\/p><p>Eine Osmoseblase ist aufgrund der chemischen Reaktionen, die infolge der Wasseraufnahme im Gelcoat eines Polyesterbootes stattfinden, sauer. Dieser Vorgang wird als Osmose bezeichnet und umfasst mehrere Phasen:<\/p>      <\/div>\n      \n      \n            \n      \n            \n      <div class='holder'>\n            <\/div>\n    <\/div>\n    \t\t\t\t<\/div>\n\t\t\t\t<\/div>\n\t\t\t\t<div class=\"elementor-element elementor-element-f2726a0 elementor-align-start elementor-icon-list--layout-traditional elementor-list-item-link-full_width elementor-widget elementor-widget-icon-list\" data-id=\"f2726a0\" data-element_type=\"widget\" data-e-type=\"widget\" data-widget_type=\"icon-list.default\">\n\t\t\t\t<div class=\"elementor-widget-container\">\n\t\t\t\t\t\t\t<ul class=\"elementor-icon-list-items\">\n\t\t\t\t\t\t\t<li class=\"elementor-icon-list-item\">\n\t\t\t\t\t\t\t\t\t\t\t<span class=\"elementor-icon-list-icon\">\n\t\t\t\t\t\t\t<i aria-hidden=\"true\" class=\"fas fa-check\"><\/i>\t\t\t\t\t\t<\/span>\n\t\t\t\t\t\t\t\t\t\t<span class=\"elementor-icon-list-text\">Wasseraufnahme: Das Wasser dringt in den Gelcoat des Bootes ein und wird von der Kunststoffmatrix des Glasfaserrumpfes aufgenommen<\/span>\n\t\t\t\t\t\t\t\t\t<\/li>\n\t\t\t\t\t\t\t\t<li class=\"elementor-icon-list-item\">\n\t\t\t\t\t\t\t\t\t\t\t<span class=\"elementor-icon-list-icon\">\n\t\t\t\t\t\t\t<i aria-hidden=\"true\" class=\"fas fa-check\"><\/i>\t\t\t\t\t\t<\/span>\n\t\t\t\t\t\t\t\t\t\t<span class=\"elementor-icon-list-text\">Hydrolyse: Innerhalb der Kunststoffmatrix reagiert das Wasser mit chemischen Verbindungen im Gelcoat und im Polyesterharz. Diese Reaktion wird als Hydrolyse bezeichnet und f\u00fchrt zur Bildung von S\u00e4uren, wie z. B. Essigs\u00e4ure.<\/span>\n\t\t\t\t\t\t\t\t\t<\/li>\n\t\t\t\t\t\t\t\t<li class=\"elementor-icon-list-item\">\n\t\t\t\t\t\t\t\t\t\t\t<span class=\"elementor-icon-list-icon\">\n\t\t\t\t\t\t\t<i aria-hidden=\"true\" class=\"fas fa-check\"><\/i>\t\t\t\t\t\t<\/span>\n\t\t\t\t\t\t\t\t\t\t<span class=\"elementor-icon-list-text\">Blasenbildung: Die gebildeten S\u00e4uren und andere Nebenprodukte der Hydrolyse k\u00f6nnen zur Bildung von kleinen Blasen oder Bl\u00e4schen zwischen dem Gelcoat und dem Glasfaserrumpf f\u00fchren.<\/span>\n\t\t\t\t\t\t\t\t\t<\/li>\n\t\t\t\t\t\t<\/ul>\n\t\t\t\t\t\t<\/div>\n\t\t\t\t<\/div>\n\t\t\t\t<div class=\"elementor-element elementor-element-f970e1e s120 elementor-widget elementor-widget-spacer\" data-id=\"f970e1e\" data-element_type=\"widget\" data-e-type=\"widget\" data-widget_type=\"spacer.default\">\n\t\t\t\t<div class=\"elementor-widget-container\">\n\t\t\t\t\t    <div class=\"elementor-spacer\">\n      <div class=\"elementor-spacer-inner\"><\/div>\n    <\/div>\n    \t\t\t\t<\/div>\n\t\t\t\t<\/div>\n\t\t\t\t<div class=\"elementor-element elementor-element-540e8f4 elementor-widget elementor-widget-gallery\" data-id=\"540e8f4\" data-element_type=\"widget\" data-e-type=\"widget\" data-settings=\"{&quot;columns&quot;:2,&quot;lazyload&quot;:&quot;yes&quot;,&quot;gallery_layout&quot;:&quot;grid&quot;,&quot;columns_tablet&quot;:2,&quot;columns_mobile&quot;:1,&quot;gap&quot;:{&quot;unit&quot;:&quot;px&quot;,&quot;size&quot;:10,&quot;sizes&quot;:[]},&quot;gap_tablet&quot;:{&quot;unit&quot;:&quot;px&quot;,&quot;size&quot;:10,&quot;sizes&quot;:[]},&quot;gap_mobile&quot;:{&quot;unit&quot;:&quot;px&quot;,&quot;size&quot;:10,&quot;sizes&quot;:[]},&quot;link_to&quot;:&quot;file&quot;,&quot;aspect_ratio&quot;:&quot;3:2&quot;,&quot;overlay_background&quot;:&quot;yes&quot;,&quot;content_hover_animation&quot;:&quot;fade-in&quot;}\" data-widget_type=\"gallery.default\">\n\t\t\t\t<div class=\"elementor-widget-container\">\n\t\t\t\t\t\t\t<div class=\"elementor-gallery__container\">\n\t\t\t\t\t\t\t<a class=\"e-gallery-item elementor-gallery-item elementor-animated-content\" href=\"https:\/\/www.3sen.expert\/de\/wp-content\/uploads\/sites\/3\/2024\/02\/IMG_7875-scaled-1.jpg\" data-elementor-open-lightbox=\"yes\" data-elementor-lightbox-slideshow=\"540e8f4\" data-elementor-lightbox-title=\"IMG_7875-scaled.jpg\" data-e-action-hash=\"#elementor-action%3Aaction%3Dlightbox%26settings%3DeyJpZCI6Nzg0LCJ1cmwiOiJodHRwczpcL1wvd3d3LjNzZW4uZXhwZXJ0XC9kZVwvd3AtY29udGVudFwvdXBsb2Fkc1wvc2l0ZXNcLzNcLzIwMjRcLzAyXC9JTUdfNzg3NS1zY2FsZWQtMS5qcGciLCJzbGlkZXNob3ciOiI1NDBlOGY0In0%3D\">\n\t\t\t\t\t<div class=\"e-gallery-image elementor-gallery-item__image\" data-thumbnail=\"https:\/\/www.3sen.expert\/de\/wp-content\/uploads\/sites\/3\/2024\/02\/IMG_7875-scaled-1-1152x1536.jpg\" data-width=\"1152\" data-height=\"1536\" aria-label=\"\" role=\"img\" ><\/div>\n\t\t\t\t\t\t\t\t\t\t\t<div class=\"elementor-gallery-item__overlay\"><\/div>\n\t\t\t\t\t\t\t\t\t\t\t\t\t\t<\/a>\n\t\t\t\t\t\t\t<a class=\"e-gallery-item elementor-gallery-item elementor-animated-content\" href=\"https:\/\/www.3sen.expert\/de\/wp-content\/uploads\/sites\/3\/2024\/02\/IMG_8919.jpg\" data-elementor-open-lightbox=\"yes\" data-elementor-lightbox-slideshow=\"540e8f4\" data-elementor-lightbox-title=\"IMG_8919.jpg\" data-e-action-hash=\"#elementor-action%3Aaction%3Dlightbox%26settings%3DeyJpZCI6Nzg1LCJ1cmwiOiJodHRwczpcL1wvd3d3LjNzZW4uZXhwZXJ0XC9kZVwvd3AtY29udGVudFwvdXBsb2Fkc1wvc2l0ZXNcLzNcLzIwMjRcLzAyXC9JTUdfODkxOS5qcGciLCJzbGlkZXNob3ciOiI1NDBlOGY0In0%3D\">\n\t\t\t\t\t<div class=\"e-gallery-image elementor-gallery-item__image\" data-thumbnail=\"https:\/\/www.3sen.expert\/de\/wp-content\/uploads\/sites\/3\/2024\/02\/IMG_8919.jpg\" data-width=\"480\" data-height=\"640\" aria-label=\"\" role=\"img\" ><\/div>\n\t\t\t\t\t\t\t\t\t\t\t<div class=\"elementor-gallery-item__overlay\"><\/div>\n\t\t\t\t\t\t\t\t\t\t\t\t\t\t<\/a>\n\t\t\t\t\t<\/div>\n\t\t\t\t\t<\/div>\n\t\t\t\t<\/div>\n\t\t\t\t<div class=\"elementor-element elementor-element-f10eb31 s120 elementor-widget elementor-widget-spacer\" data-id=\"f10eb31\" data-element_type=\"widget\" data-e-type=\"widget\" data-widget_type=\"spacer.default\">\n\t\t\t\t<div class=\"elementor-widget-container\">\n\t\t\t\t\t    <div class=\"elementor-spacer\">\n      <div class=\"elementor-spacer-inner\"><\/div>\n    <\/div>\n    \t\t\t\t<\/div>\n\t\t\t\t<\/div>\n\t\t\t\t<div class=\"elementor-element elementor-element-9341445 elementor-widget elementor-widget-jumplist\" data-id=\"9341445\" data-element_type=\"widget\" data-e-type=\"widget\" data-widget_type=\"jumplist.default\">\n\t\t\t\t<div class=\"elementor-widget-container\">\n\t\t\t\t\t    <div class=\" header\" >\n    <div class='max-width'>\n      <div class=\"intro\">\n        <p>Das Vorhandensein dieser S\u00e4uren in den Bladders macht sie sauer. Diese S\u00e4uren k\u00f6nnen korrosiv sein und das Gelcoat und das darunter liegende Polyester besch\u00e4digen, was zu Delamination und dem Ph\u00e4nomen f\u00fchrt, das wir Osmose nennen.<\/p><p>Die S\u00e4ure in den Bladdern ist ein Indikator f\u00fcr den stattfindenden Sch\u00e4digungsprozess und kann bei Inspektionen des Bootes festgestellt werden. Die Behandlung von Osmose umfasst in der Regel das Entfernen des betroffenen Gelcoats, die Neutralisierung der S\u00e4ure und das Auftragen eines neuen Gelcoats, um weitere Sch\u00e4den zu verhindern.<\/p><p>Wenn Osmose festgestellt wird, kann ich gemeinsam mit Ihnen einen Aktionsplan aufstellen, um das Problem zu behandeln und zu verhindern, dass es in Zukunft wieder auftritt.<\/p>      <\/div>\n      \n      \n            \n      \n            \n      <div class='holder'>\n            <\/div>\n    <\/div>\n    \t\t\t\t<\/div>\n\t\t\t\t<\/div>\n\t\t\t\t<div class=\"elementor-element elementor-element-729edc6 s120 elementor-widget elementor-widget-spacer\" data-id=\"729edc6\" data-element_type=\"widget\" data-e-type=\"widget\" data-widget_type=\"spacer.default\">\n\t\t\t\t<div class=\"elementor-widget-container\">\n\t\t\t\t\t    <div class=\"elementor-spacer\">\n      <div class=\"elementor-spacer-inner\"><\/div>\n    <\/div>\n    \t\t\t\t<\/div>\n\t\t\t\t<\/div>\n\t\t\t\t<div class=\"elementor-element elementor-element-abb0dc4 elementor-widget elementor-widget-template\" data-id=\"abb0dc4\" data-element_type=\"widget\" data-e-type=\"widget\" data-widget_type=\"template.default\">\n\t\t\t\t<div class=\"elementor-widget-container\">\n\t\t\t\t\t\t\t<div class=\"elementor-template\">\n\t\t\t\t\t<div data-elementor-type=\"section\" data-elementor-id=\"921\" class=\"elementor elementor-921\" data-elementor-post-type=\"elementor_library\">\n\t\t\t\t\t<section class=\"elementor-section elementor-top-section elementor-element elementor-element-73244b49 elementor-section-boxed elementor-section-height-default elementor-section-height-default\" data-id=\"73244b49\" data-element_type=\"section\" data-e-type=\"section\">\n\t\t\t\t\t\t<div class=\"elementor-container elementor-column-gap-no\">\n\t\t\t\t\t<div class=\"elementor-column elementor-col-100 elementor-top-column elementor-element elementor-element-33691a8c\" data-id=\"33691a8c\" data-element_type=\"column\" data-e-type=\"column\">\n\t\t\t<div class=\"elementor-widget-wrap elementor-element-populated\">\n\t\t\t\t\t\t<div class=\"elementor-element elementor-element-35e0efe2 elementor-widget elementor-widget-heading\" data-id=\"35e0efe2\" data-element_type=\"widget\" data-e-type=\"widget\" data-widget_type=\"heading.default\">\n\t\t\t\t<div class=\"elementor-widget-container\">\n\t\t\t\t\t<h2 class=\"elementor-heading-title elementor-size-default\"><span style=\"text-align: start;white-space: normal\">Angebot anfordern<\/span><\/h2>\t\t\t\t<\/div>\n\t\t\t\t<\/div>\n\t\t\t\t<div class=\"elementor-element elementor-element-4c3675ee elementor-align-center elementor-widget elementor-widget-button\" data-id=\"4c3675ee\" data-element_type=\"widget\" data-e-type=\"widget\" data-widget_type=\"button.default\">\n\t\t\t\t<div class=\"elementor-widget-container\">\n\t\t\t\t\t\t\t\t\t<div class=\"elementor-button-wrapper\">\n\t\t\t\t\t<a class=\"elementor-button elementor-button-link elementor-size-sm\" href=\"https:\/\/www.3sen.expert\/de\/angebot-anfordern\">\n\t\t\t\t\t\t<span class=\"elementor-button-content-wrapper\">\n\t\t\t\t\t\t\t\t\t<span class=\"elementor-button-text\">ANGEBOT ANFORDERN<\/span>\n\t\t\t\t\t<\/span>\n\t\t\t\t\t<\/a>\n\t\t\t\t<\/div>\n\t\t\t\t\t\t\t\t<\/div>\n\t\t\t\t<\/div>\n\t\t\t\t\t<\/div>\n\t\t<\/div>\n\t\t\t\t\t<\/div>\n\t\t<\/section>\n\t\t\t\t<\/div>\n\t\t\t\t<\/div>\n\t\t\t\t\t\t<\/div>\n\t\t\t\t<\/div>\n\t\t\t\t<div class=\"elementor-element elementor-element-ad0e6a3 s120 elementor-widget elementor-widget-spacer\" data-id=\"ad0e6a3\" data-element_type=\"widget\" data-e-type=\"widget\" data-widget_type=\"spacer.default\">\n\t\t\t\t<div class=\"elementor-widget-container\">\n\t\t\t\t\t    <div class=\"elementor-spacer\">\n      <div class=\"elementor-spacer-inner\"><\/div>\n    <\/div>\n    \t\t\t\t<\/div>\n\t\t\t\t<\/div>\n\t\t\t\t\t<\/div>\n\t\t<\/div>\n\t\t\t\t\t<\/div>\n\t\t<\/section>\n\t\t\t\t<\/div>\n\t\t","protected":false},"excerpt":{"rendered":"<p>Feuchtigkeitsmessung Boot Osmose, wie wir sie h\u00e4ufig bei Polyesterbooten beobachten, wird durch das Eindringen von Wasser in die Gelschicht verursacht. Dieser Prozess l\u00e4uft in mehreren Phasen ab. Eine Osmoseblase ist aufgrund der chemischen Reaktionen, die infolge der Wasseraufnahme im Gelcoat eines Polyesterbootes stattfinden, sauer. Dieser Vorgang wird als Osmose bezeichnet und umfasst mehrere Phasen: Wasseraufnahme: [&hellip;]<\/p>\n","protected":false},"author":1,"featured_media":0,"parent":0,"menu_order":0,"comment_status":"closed","ping_status":"closed","template":"","meta":{"footnotes":""},"categories":[],"class_list":["post-782","page","type-page","status-publish","hentry"],"yoast_head":"<!-- This site is optimized with the Yoast SEO plugin v27.5 - https:\/\/yoast.com\/product\/yoast-seo-wordpress\/ -->\n<title>Feuchtigkeitsmessung \/ Osmose - 3sen Yacht Expertise<\/title>\n<meta name=\"robots\" content=\"index, follow, max-snippet:-1, max-image-preview:large, max-video-preview:-1\" \/>\n<link rel=\"canonical\" href=\"https:\/\/www.3sen.expert\/de\/feuchtigkeitsmessung\/\" \/>\n<meta property=\"og:locale\" content=\"de_DE\" \/>\n<meta property=\"og:type\" content=\"article\" \/>\n<meta property=\"og:title\" content=\"Feuchtigkeitsmessung \/ Osmose - 3sen Yacht Expertise\" \/>\n<meta property=\"og:description\" content=\"Feuchtigkeitsmessung Boot Osmose, wie wir sie h\u00e4ufig bei Polyesterbooten beobachten, wird durch das Eindringen von Wasser in die Gelschicht verursacht. Dieser Prozess l\u00e4uft in mehreren Phasen ab. Eine Osmoseblase ist aufgrund der chemischen Reaktionen, die infolge der Wasseraufnahme im Gelcoat eines Polyesterbootes stattfinden, sauer. Dieser Vorgang wird als Osmose bezeichnet und umfasst mehrere Phasen: Wasseraufnahme: [&hellip;]\" \/>\n<meta property=\"og:url\" content=\"https:\/\/www.3sen.expert\/de\/feuchtigkeitsmessung\/\" \/>\n<meta property=\"og:site_name\" content=\"3sen Yacht Expertise\" \/>\n<meta property=\"article:modified_time\" content=\"2024-07-01T18:15:58+00:00\" \/>\n<meta name=\"twitter:card\" content=\"summary_large_image\" \/>\n<meta name=\"twitter:label1\" content=\"Est. reading time\" \/>\n\t<meta name=\"twitter:data1\" content=\"2 minutes\" \/>\n<script type=\"application\/ld+json\" class=\"yoast-schema-graph\">{\"@context\":\"https:\\\/\\\/schema.org\",\"@graph\":[{\"@type\":\"WebPage\",\"@id\":\"https:\\\/\\\/www.3sen.expert\\\/de\\\/feuchtigkeitsmessung\\\/\",\"url\":\"https:\\\/\\\/www.3sen.expert\\\/de\\\/feuchtigkeitsmessung\\\/\",\"name\":\"Feuchtigkeitsmessung \\\/ Osmose - 3sen Yacht Expertise\",\"isPartOf\":{\"@id\":\"https:\\\/\\\/www.3sen.expert\\\/de\\\/#website\"},\"datePublished\":\"2024-02-15T15:31:22+00:00\",\"dateModified\":\"2024-07-01T18:15:58+00:00\",\"breadcrumb\":{\"@id\":\"https:\\\/\\\/www.3sen.expert\\\/de\\\/feuchtigkeitsmessung\\\/#breadcrumb\"},\"inLanguage\":\"de\",\"potentialAction\":[{\"@type\":\"ReadAction\",\"target\":[\"https:\\\/\\\/www.3sen.expert\\\/de\\\/feuchtigkeitsmessung\\\/\"]}]},{\"@type\":\"BreadcrumbList\",\"@id\":\"https:\\\/\\\/www.3sen.expert\\\/de\\\/feuchtigkeitsmessung\\\/#breadcrumb\",\"itemListElement\":[{\"@type\":\"ListItem\",\"position\":1,\"name\":\"Home\",\"item\":\"https:\\\/\\\/www.3sen.expert\\\/de\\\/\"},{\"@type\":\"ListItem\",\"position\":2,\"name\":\"Feuchtigkeitsmessung \\\/ Osmose\"}]},{\"@type\":\"WebSite\",\"@id\":\"https:\\\/\\\/www.3sen.expert\\\/de\\\/#website\",\"url\":\"https:\\\/\\\/www.3sen.expert\\\/de\\\/\",\"name\":\"3sen Yacht Expertise\",\"description\":\"Sicherheit \u00fcber den Zustand Ihres Traumschiffes\",\"potentialAction\":[{\"@type\":\"SearchAction\",\"target\":{\"@type\":\"EntryPoint\",\"urlTemplate\":\"https:\\\/\\\/www.3sen.expert\\\/de\\\/?s={search_term_string}\"},\"query-input\":{\"@type\":\"PropertyValueSpecification\",\"valueRequired\":true,\"valueName\":\"search_term_string\"}}],\"inLanguage\":\"de\"}]}<\/script>\n<!-- \/ Yoast SEO plugin. -->","yoast_head_json":{"title":"Feuchtigkeitsmessung \/ Osmose - 3sen Yacht Expertise","robots":{"index":"index","follow":"follow","max-snippet":"max-snippet:-1","max-image-preview":"max-image-preview:large","max-video-preview":"max-video-preview:-1"},"canonical":"https:\/\/www.3sen.expert\/de\/feuchtigkeitsmessung\/","og_locale":"de_DE","og_type":"article","og_title":"Feuchtigkeitsmessung \/ Osmose - 3sen Yacht Expertise","og_description":"Feuchtigkeitsmessung Boot Osmose, wie wir sie h\u00e4ufig bei Polyesterbooten beobachten, wird durch das Eindringen von Wasser in die Gelschicht verursacht. Dieser Prozess l\u00e4uft in mehreren Phasen ab. Eine Osmoseblase ist aufgrund der chemischen Reaktionen, die infolge der Wasseraufnahme im Gelcoat eines Polyesterbootes stattfinden, sauer. Dieser Vorgang wird als Osmose bezeichnet und umfasst mehrere Phasen: Wasseraufnahme: [&hellip;]","og_url":"https:\/\/www.3sen.expert\/de\/feuchtigkeitsmessung\/","og_site_name":"3sen Yacht Expertise","article_modified_time":"2024-07-01T18:15:58+00:00","twitter_card":"summary_large_image","twitter_misc":{"Est. reading time":"2 minutes"},"schema":{"@context":"https:\/\/schema.org","@graph":[{"@type":"WebPage","@id":"https:\/\/www.3sen.expert\/de\/feuchtigkeitsmessung\/","url":"https:\/\/www.3sen.expert\/de\/feuchtigkeitsmessung\/","name":"Feuchtigkeitsmessung \/ Osmose - 3sen Yacht Expertise","isPartOf":{"@id":"https:\/\/www.3sen.expert\/de\/#website"},"datePublished":"2024-02-15T15:31:22+00:00","dateModified":"2024-07-01T18:15:58+00:00","breadcrumb":{"@id":"https:\/\/www.3sen.expert\/de\/feuchtigkeitsmessung\/#breadcrumb"},"inLanguage":"de","potentialAction":[{"@type":"ReadAction","target":["https:\/\/www.3sen.expert\/de\/feuchtigkeitsmessung\/"]}]},{"@type":"BreadcrumbList","@id":"https:\/\/www.3sen.expert\/de\/feuchtigkeitsmessung\/#breadcrumb","itemListElement":[{"@type":"ListItem","position":1,"name":"Home","item":"https:\/\/www.3sen.expert\/de\/"},{"@type":"ListItem","position":2,"name":"Feuchtigkeitsmessung \/ Osmose"}]},{"@type":"WebSite","@id":"https:\/\/www.3sen.expert\/de\/#website","url":"https:\/\/www.3sen.expert\/de\/","name":"3sen Yacht Expertise","description":"Sicherheit \u00fcber den Zustand Ihres Traumschiffes","potentialAction":[{"@type":"SearchAction","target":{"@type":"EntryPoint","urlTemplate":"https:\/\/www.3sen.expert\/de\/?s={search_term_string}"},"query-input":{"@type":"PropertyValueSpecification","valueRequired":true,"valueName":"search_term_string"}}],"inLanguage":"de"}]}},"_links":{"self":[{"href":"https:\/\/www.3sen.expert\/de\/wp-json\/wp\/v2\/pages\/782","targetHints":{"allow":["GET"]}}],"collection":[{"href":"https:\/\/www.3sen.expert\/de\/wp-json\/wp\/v2\/pages"}],"about":[{"href":"https:\/\/www.3sen.expert\/de\/wp-json\/wp\/v2\/types\/page"}],"author":[{"embeddable":true,"href":"https:\/\/www.3sen.expert\/de\/wp-json\/wp\/v2\/users\/1"}],"replies":[{"embeddable":true,"href":"https:\/\/www.3sen.expert\/de\/wp-json\/wp\/v2\/comments?post=782"}],"version-history":[{"count":10,"href":"https:\/\/www.3sen.expert\/de\/wp-json\/wp\/v2\/pages\/782\/revisions"}],"predecessor-version":[{"id":943,"href":"https:\/\/www.3sen.expert\/de\/wp-json\/wp\/v2\/pages\/782\/revisions\/943"}],"wp:attachment":[{"href":"https:\/\/www.3sen.expert\/de\/wp-json\/wp\/v2\/media?parent=782"}],"wp:term":[{"taxonomy":"category","embeddable":true,"href":"https:\/\/www.3sen.expert\/de\/wp-json\/wp\/v2\/categories?post=782"}],"curies":[{"name":"wp","href":"https:\/\/api.w.org\/{rel}","templated":true}]}}