{"id":769,"date":"2024-02-15T15:22:38","date_gmt":"2024-02-15T15:22:38","guid":{"rendered":"https:\/\/www.3sen.expert\/de\/?page_id=769"},"modified":"2024-07-01T18:15:14","modified_gmt":"2024-07-01T18:15:14","slug":"oberflachdickenmessung","status":"publish","type":"page","link":"https:\/\/www.3sen.expert\/de\/oberflachdickenmessung\/","title":{"rendered":"Oberflachdickenmessung"},"content":{"rendered":"\t\t<div data-elementor-type=\"wp-page\" data-elementor-id=\"769\" class=\"elementor elementor-769\" data-elementor-post-type=\"page\">\n\t\t\t\t\t\t<section class=\"elementor-section elementor-top-section elementor-element elementor-element-a4fc8b5 elementor-section-full_width elementor-section-height-default elementor-section-height-default\" data-id=\"a4fc8b5\" data-element_type=\"section\" data-e-type=\"section\">\n\t\t\t\t\t\t<div class=\"elementor-container elementor-column-gap-default\">\n\t\t\t\t\t<div class=\"elementor-column elementor-col-100 elementor-top-column elementor-element elementor-element-14e980f\" data-id=\"14e980f\" data-element_type=\"column\" data-e-type=\"column\">\n\t\t\t<div class=\"elementor-widget-wrap elementor-element-populated\">\n\t\t\t\t\t\t<div class=\"elementor-element elementor-element-2a3e4b0 s120 elementor-widget elementor-widget-spacer\" data-id=\"2a3e4b0\" data-element_type=\"widget\" data-e-type=\"widget\" data-widget_type=\"spacer.default\">\n\t\t\t\t<div class=\"elementor-widget-container\">\n\t\t\t\t\t    <div class=\"elementor-spacer\">\n      <div class=\"elementor-spacer-inner\"><\/div>\n    <\/div>\n    \t\t\t\t<\/div>\n\t\t\t\t<\/div>\n\t\t\t\t<div class=\"elementor-element elementor-element-905f9e2 elementor-widget elementor-widget-heading\" data-id=\"905f9e2\" data-element_type=\"widget\" data-e-type=\"widget\" data-widget_type=\"heading.default\">\n\t\t\t\t<div class=\"elementor-widget-container\">\n\t\t\t\t\t<h1 class=\"elementor-heading-title elementor-size-default\">Oberflachdickenmessung<\/h1>\t\t\t\t<\/div>\n\t\t\t\t<\/div>\n\t\t\t\t<div class=\"elementor-element elementor-element-e546081 elementor-widget elementor-widget-jumplist\" data-id=\"e546081\" data-element_type=\"widget\" data-e-type=\"widget\" data-widget_type=\"jumplist.default\">\n\t\t\t\t<div class=\"elementor-widget-container\">\n\t\t\t\t\t    <div class=\" header\" >\n    <div class='max-width'>\n      <div class=\"intro\">\n        <p>Eine Stahldickenmessung, auch Oberflachdickenmessung genannt, ist ein Verfahren, bei dem die Dicke einer Stahloberfl\u00e4che gemessen wird, um den Grad der Abnutzung, Korrosion oder den allgemeinen Zustand des Materials zu beurteilen. Dies wird h\u00e4ufig auf Schiffen durchgef\u00fchrt.<\/p><p>F\u00fcr die Stahldickenmessung werden in der Regel spezielle Messger\u00e4te wie Ultraschalldickenmessger\u00e4te oder magnetinduktive Dickenmessger\u00e4te verwendet. Nachfolgend eine kurze Beschreibung des Ultraschallmessger\u00e4ts.<\/p><p>Ultraschalldickenmessung: Bei diesem Verfahren werden Ultraschallwellen verwendet, die von der Stahloberfl\u00e4che ausgesendet und reflektiert werden. Durch die Messung der Zeit, die die Schallwellen ben\u00f6tigen, um zur\u00fcckzukehren, kann die Dicke des Stahls genau berechnet werden.<\/p>      <\/div>\n      \n      \n            \n      \n            \n      <div class='holder'>\n            <\/div>\n    <\/div>\n    \t\t\t\t<\/div>\n\t\t\t\t<\/div>\n\t\t\t\t<div class=\"elementor-element elementor-element-6237e65 elementor-widget elementor-widget-gallery\" data-id=\"6237e65\" data-element_type=\"widget\" data-e-type=\"widget\" data-settings=\"{&quot;columns&quot;:2,&quot;lazyload&quot;:&quot;yes&quot;,&quot;gallery_layout&quot;:&quot;grid&quot;,&quot;columns_tablet&quot;:2,&quot;columns_mobile&quot;:1,&quot;gap&quot;:{&quot;unit&quot;:&quot;px&quot;,&quot;size&quot;:10,&quot;sizes&quot;:[]},&quot;gap_tablet&quot;:{&quot;unit&quot;:&quot;px&quot;,&quot;size&quot;:10,&quot;sizes&quot;:[]},&quot;gap_mobile&quot;:{&quot;unit&quot;:&quot;px&quot;,&quot;size&quot;:10,&quot;sizes&quot;:[]},&quot;link_to&quot;:&quot;file&quot;,&quot;aspect_ratio&quot;:&quot;3:2&quot;,&quot;overlay_background&quot;:&quot;yes&quot;,&quot;content_hover_animation&quot;:&quot;fade-in&quot;}\" data-widget_type=\"gallery.default\">\n\t\t\t\t<div class=\"elementor-widget-container\">\n\t\t\t\t\t\t\t<div class=\"elementor-gallery__container\">\n\t\t\t\t\t\t\t<a class=\"e-gallery-item elementor-gallery-item elementor-animated-content\" href=\"https:\/\/www.3sen.expert\/de\/wp-content\/uploads\/sites\/3\/2024\/02\/IMG_7116-scaled-1.jpg\" data-elementor-open-lightbox=\"yes\" data-elementor-lightbox-slideshow=\"6237e65\" data-elementor-lightbox-title=\"IMG_7116-scaled.jpg\" data-e-action-hash=\"#elementor-action%3Aaction%3Dlightbox%26settings%3DeyJpZCI6NzcxLCJ1cmwiOiJodHRwczpcL1wvd3d3LjNzZW4uZXhwZXJ0XC9kZVwvd3AtY29udGVudFwvdXBsb2Fkc1wvc2l0ZXNcLzNcLzIwMjRcLzAyXC9JTUdfNzExNi1zY2FsZWQtMS5qcGciLCJzbGlkZXNob3ciOiI2MjM3ZTY1In0%3D\">\n\t\t\t\t\t<div class=\"e-gallery-image elementor-gallery-item__image\" data-thumbnail=\"https:\/\/www.3sen.expert\/de\/wp-content\/uploads\/sites\/3\/2024\/02\/IMG_7116-scaled-1-1152x1536.jpg\" data-width=\"1152\" data-height=\"1536\" aria-label=\"\" role=\"img\" ><\/div>\n\t\t\t\t\t\t\t\t\t\t\t<div class=\"elementor-gallery-item__overlay\"><\/div>\n\t\t\t\t\t\t\t\t\t\t\t\t\t\t<\/a>\n\t\t\t\t\t\t\t<a class=\"e-gallery-item elementor-gallery-item elementor-animated-content\" href=\"https:\/\/www.3sen.expert\/de\/wp-content\/uploads\/sites\/3\/2024\/02\/IMG_7871-scaled-1.jpg\" data-elementor-open-lightbox=\"yes\" data-elementor-lightbox-slideshow=\"6237e65\" data-elementor-lightbox-title=\"IMG_7871-scaled.jpg\" data-e-action-hash=\"#elementor-action%3Aaction%3Dlightbox%26settings%3DeyJpZCI6NzcyLCJ1cmwiOiJodHRwczpcL1wvd3d3LjNzZW4uZXhwZXJ0XC9kZVwvd3AtY29udGVudFwvdXBsb2Fkc1wvc2l0ZXNcLzNcLzIwMjRcLzAyXC9JTUdfNzg3MS1zY2FsZWQtMS5qcGciLCJzbGlkZXNob3ciOiI2MjM3ZTY1In0%3D\">\n\t\t\t\t\t<div class=\"e-gallery-image elementor-gallery-item__image\" data-thumbnail=\"https:\/\/www.3sen.expert\/de\/wp-content\/uploads\/sites\/3\/2024\/02\/IMG_7871-scaled-1-1536x1152.jpg\" data-width=\"1536\" data-height=\"1152\" aria-label=\"\" role=\"img\" ><\/div>\n\t\t\t\t\t\t\t\t\t\t\t<div class=\"elementor-gallery-item__overlay\"><\/div>\n\t\t\t\t\t\t\t\t\t\t\t\t\t\t<\/a>\n\t\t\t\t\t<\/div>\n\t\t\t\t\t<\/div>\n\t\t\t\t<\/div>\n\t\t\t\t<div class=\"elementor-element elementor-element-889b644 s120 elementor-widget elementor-widget-spacer\" data-id=\"889b644\" data-element_type=\"widget\" data-e-type=\"widget\" data-widget_type=\"spacer.default\">\n\t\t\t\t<div class=\"elementor-widget-container\">\n\t\t\t\t\t    <div class=\"elementor-spacer\">\n      <div class=\"elementor-spacer-inner\"><\/div>\n    <\/div>\n    \t\t\t\t<\/div>\n\t\t\t\t<\/div>\n\t\t\t\t<div class=\"elementor-element elementor-element-13d99ee elementor-widget elementor-widget-jumplist\" data-id=\"13d99ee\" data-element_type=\"widget\" data-e-type=\"widget\" data-widget_type=\"jumplist.default\">\n\t\t\t\t<div class=\"elementor-widget-container\">\n\t\t\t\t\t    <div class=\" header\" >\n    <div class='max-width'>\n      <div class=\"intro\">\n        <p>Die Ultraschallmethode wird h\u00e4ufig im Schiffbau eingesetzt, wo wir Messungen mit einer Genauigkeit von 1\/100 mm vornehmen k\u00f6nnen. In der Regel muss der Lack nicht abgekratzt werden, es sei denn, er ist sehr dick oder sehr uneben.<\/p><p>Zun\u00e4chst schaue ich mir das Schiff von innen an, um festzustellen, ob es verd\u00e4chtige Stellen gibt, an denen viel Korrosion vorhanden ist oder war.<\/p><p>Dann nehme ich mehrere Messungen an der Au\u00dfenseite vor (oft mehr als 100). Im Zweifelsfall kann ich mich immer dazu entschlie\u00dfen, Teile des Unterwasserschiffs mit einem Stahlhammer abzuschlagen. Dabei besteht nat\u00fcrlich die Gefahr, dass die Farbschicht besch\u00e4digt wird.<\/p>      <\/div>\n      \n      \n            \n      \n            \n      <div class='holder'>\n            <\/div>\n    <\/div>\n    \t\t\t\t<\/div>\n\t\t\t\t<\/div>\n\t\t\t\t<div class=\"elementor-element elementor-element-69e93bf s120 elementor-widget elementor-widget-spacer\" data-id=\"69e93bf\" data-element_type=\"widget\" data-e-type=\"widget\" data-widget_type=\"spacer.default\">\n\t\t\t\t<div class=\"elementor-widget-container\">\n\t\t\t\t\t    <div class=\"elementor-spacer\">\n      <div class=\"elementor-spacer-inner\"><\/div>\n    <\/div>\n    \t\t\t\t<\/div>\n\t\t\t\t<\/div>\n\t\t\t\t<div class=\"elementor-element elementor-element-ff72af6 elementor-widget elementor-widget-template\" data-id=\"ff72af6\" data-element_type=\"widget\" data-e-type=\"widget\" data-widget_type=\"template.default\">\n\t\t\t\t<div class=\"elementor-widget-container\">\n\t\t\t\t\t\t\t<div class=\"elementor-template\">\n\t\t\t\t\t<div data-elementor-type=\"section\" data-elementor-id=\"921\" class=\"elementor elementor-921\" data-elementor-post-type=\"elementor_library\">\n\t\t\t\t\t<section class=\"elementor-section elementor-top-section elementor-element elementor-element-73244b49 elementor-section-boxed elementor-section-height-default elementor-section-height-default\" data-id=\"73244b49\" data-element_type=\"section\" data-e-type=\"section\">\n\t\t\t\t\t\t<div class=\"elementor-container elementor-column-gap-no\">\n\t\t\t\t\t<div class=\"elementor-column elementor-col-100 elementor-top-column elementor-element elementor-element-33691a8c\" data-id=\"33691a8c\" data-element_type=\"column\" data-e-type=\"column\">\n\t\t\t<div class=\"elementor-widget-wrap elementor-element-populated\">\n\t\t\t\t\t\t<div class=\"elementor-element elementor-element-35e0efe2 elementor-widget elementor-widget-heading\" data-id=\"35e0efe2\" data-element_type=\"widget\" data-e-type=\"widget\" data-widget_type=\"heading.default\">\n\t\t\t\t<div class=\"elementor-widget-container\">\n\t\t\t\t\t<h2 class=\"elementor-heading-title elementor-size-default\"><span style=\"text-align: start;white-space: normal\">Angebot anfordern<\/span><\/h2>\t\t\t\t<\/div>\n\t\t\t\t<\/div>\n\t\t\t\t<div class=\"elementor-element elementor-element-4c3675ee elementor-align-center elementor-widget elementor-widget-button\" data-id=\"4c3675ee\" data-element_type=\"widget\" data-e-type=\"widget\" data-widget_type=\"button.default\">\n\t\t\t\t<div class=\"elementor-widget-container\">\n\t\t\t\t\t\t\t\t\t<div class=\"elementor-button-wrapper\">\n\t\t\t\t\t<a class=\"elementor-button elementor-button-link elementor-size-sm\" href=\"https:\/\/www.3sen.expert\/de\/angebot-anfordern\">\n\t\t\t\t\t\t<span class=\"elementor-button-content-wrapper\">\n\t\t\t\t\t\t\t\t\t<span class=\"elementor-button-text\">ANGEBOT ANFORDERN<\/span>\n\t\t\t\t\t<\/span>\n\t\t\t\t\t<\/a>\n\t\t\t\t<\/div>\n\t\t\t\t\t\t\t\t<\/div>\n\t\t\t\t<\/div>\n\t\t\t\t\t<\/div>\n\t\t<\/div>\n\t\t\t\t\t<\/div>\n\t\t<\/section>\n\t\t\t\t<\/div>\n\t\t\t\t<\/div>\n\t\t\t\t\t\t<\/div>\n\t\t\t\t<\/div>\n\t\t\t\t<div class=\"elementor-element elementor-element-d0fd699 s120 elementor-widget elementor-widget-spacer\" data-id=\"d0fd699\" data-element_type=\"widget\" data-e-type=\"widget\" data-widget_type=\"spacer.default\">\n\t\t\t\t<div class=\"elementor-widget-container\">\n\t\t\t\t\t    <div class=\"elementor-spacer\">\n      <div class=\"elementor-spacer-inner\"><\/div>\n    <\/div>\n    \t\t\t\t<\/div>\n\t\t\t\t<\/div>\n\t\t\t\t\t<\/div>\n\t\t<\/div>\n\t\t\t\t\t<\/div>\n\t\t<\/section>\n\t\t\t\t<\/div>\n\t\t","protected":false},"excerpt":{"rendered":"<p>Oberflachdickenmessung Eine Stahldickenmessung, auch Oberflachdickenmessung genannt, ist ein Verfahren, bei dem die Dicke einer Stahloberfl\u00e4che gemessen wird, um den Grad der Abnutzung, Korrosion oder den allgemeinen Zustand des Materials zu beurteilen. Dies wird h\u00e4ufig auf Schiffen durchgef\u00fchrt. F\u00fcr die Stahldickenmessung werden in der Regel spezielle Messger\u00e4te wie Ultraschalldickenmessger\u00e4te oder magnetinduktive Dickenmessger\u00e4te verwendet. Nachfolgend eine kurze [&hellip;]<\/p>\n","protected":false},"author":1,"featured_media":0,"parent":0,"menu_order":0,"comment_status":"closed","ping_status":"closed","template":"","meta":{"footnotes":""},"categories":[],"class_list":["post-769","page","type-page","status-publish","hentry"],"yoast_head":"<!-- This site is optimized with the Yoast SEO plugin v27.5 - https:\/\/yoast.com\/product\/yoast-seo-wordpress\/ -->\n<title>Oberflachdickenmessung - 3sen Yacht Expertise<\/title>\n<meta name=\"robots\" content=\"index, follow, max-snippet:-1, max-image-preview:large, max-video-preview:-1\" \/>\n<link rel=\"canonical\" href=\"https:\/\/www.3sen.expert\/de\/oberflachdickenmessung\/\" \/>\n<meta property=\"og:locale\" content=\"de_DE\" \/>\n<meta property=\"og:type\" content=\"article\" \/>\n<meta property=\"og:title\" content=\"Oberflachdickenmessung - 3sen Yacht Expertise\" \/>\n<meta property=\"og:description\" content=\"Oberflachdickenmessung Eine Stahldickenmessung, auch Oberflachdickenmessung genannt, ist ein Verfahren, bei dem die Dicke einer Stahloberfl\u00e4che gemessen wird, um den Grad der Abnutzung, Korrosion oder den allgemeinen Zustand des Materials zu beurteilen. Dies wird h\u00e4ufig auf Schiffen durchgef\u00fchrt. F\u00fcr die Stahldickenmessung werden in der Regel spezielle Messger\u00e4te wie Ultraschalldickenmessger\u00e4te oder magnetinduktive Dickenmessger\u00e4te verwendet. Nachfolgend eine kurze [&hellip;]\" \/>\n<meta property=\"og:url\" content=\"https:\/\/www.3sen.expert\/de\/oberflachdickenmessung\/\" \/>\n<meta property=\"og:site_name\" content=\"3sen Yacht Expertise\" \/>\n<meta property=\"article:modified_time\" content=\"2024-07-01T18:15:14+00:00\" \/>\n<meta name=\"twitter:card\" content=\"summary_large_image\" \/>\n<meta name=\"twitter:label1\" content=\"Est. reading time\" \/>\n\t<meta name=\"twitter:data1\" content=\"2 minutes\" \/>\n<script type=\"application\/ld+json\" class=\"yoast-schema-graph\">{\"@context\":\"https:\\\/\\\/schema.org\",\"@graph\":[{\"@type\":\"WebPage\",\"@id\":\"https:\\\/\\\/www.3sen.expert\\\/de\\\/oberflachdickenmessung\\\/\",\"url\":\"https:\\\/\\\/www.3sen.expert\\\/de\\\/oberflachdickenmessung\\\/\",\"name\":\"Oberflachdickenmessung - 3sen Yacht Expertise\",\"isPartOf\":{\"@id\":\"https:\\\/\\\/www.3sen.expert\\\/de\\\/#website\"},\"datePublished\":\"2024-02-15T15:22:38+00:00\",\"dateModified\":\"2024-07-01T18:15:14+00:00\",\"breadcrumb\":{\"@id\":\"https:\\\/\\\/www.3sen.expert\\\/de\\\/oberflachdickenmessung\\\/#breadcrumb\"},\"inLanguage\":\"de\",\"potentialAction\":[{\"@type\":\"ReadAction\",\"target\":[\"https:\\\/\\\/www.3sen.expert\\\/de\\\/oberflachdickenmessung\\\/\"]}]},{\"@type\":\"BreadcrumbList\",\"@id\":\"https:\\\/\\\/www.3sen.expert\\\/de\\\/oberflachdickenmessung\\\/#breadcrumb\",\"itemListElement\":[{\"@type\":\"ListItem\",\"position\":1,\"name\":\"Home\",\"item\":\"https:\\\/\\\/www.3sen.expert\\\/de\\\/\"},{\"@type\":\"ListItem\",\"position\":2,\"name\":\"Oberflachdickenmessung\"}]},{\"@type\":\"WebSite\",\"@id\":\"https:\\\/\\\/www.3sen.expert\\\/de\\\/#website\",\"url\":\"https:\\\/\\\/www.3sen.expert\\\/de\\\/\",\"name\":\"3sen Yacht Expertise\",\"description\":\"Sicherheit \u00fcber den Zustand Ihres Traumschiffes\",\"potentialAction\":[{\"@type\":\"SearchAction\",\"target\":{\"@type\":\"EntryPoint\",\"urlTemplate\":\"https:\\\/\\\/www.3sen.expert\\\/de\\\/?s={search_term_string}\"},\"query-input\":{\"@type\":\"PropertyValueSpecification\",\"valueRequired\":true,\"valueName\":\"search_term_string\"}}],\"inLanguage\":\"de\"}]}<\/script>\n<!-- \/ Yoast SEO plugin. -->","yoast_head_json":{"title":"Oberflachdickenmessung - 3sen Yacht Expertise","robots":{"index":"index","follow":"follow","max-snippet":"max-snippet:-1","max-image-preview":"max-image-preview:large","max-video-preview":"max-video-preview:-1"},"canonical":"https:\/\/www.3sen.expert\/de\/oberflachdickenmessung\/","og_locale":"de_DE","og_type":"article","og_title":"Oberflachdickenmessung - 3sen Yacht Expertise","og_description":"Oberflachdickenmessung Eine Stahldickenmessung, auch Oberflachdickenmessung genannt, ist ein Verfahren, bei dem die Dicke einer Stahloberfl\u00e4che gemessen wird, um den Grad der Abnutzung, Korrosion oder den allgemeinen Zustand des Materials zu beurteilen. Dies wird h\u00e4ufig auf Schiffen durchgef\u00fchrt. F\u00fcr die Stahldickenmessung werden in der Regel spezielle Messger\u00e4te wie Ultraschalldickenmessger\u00e4te oder magnetinduktive Dickenmessger\u00e4te verwendet. Nachfolgend eine kurze [&hellip;]","og_url":"https:\/\/www.3sen.expert\/de\/oberflachdickenmessung\/","og_site_name":"3sen Yacht Expertise","article_modified_time":"2024-07-01T18:15:14+00:00","twitter_card":"summary_large_image","twitter_misc":{"Est. reading time":"2 minutes"},"schema":{"@context":"https:\/\/schema.org","@graph":[{"@type":"WebPage","@id":"https:\/\/www.3sen.expert\/de\/oberflachdickenmessung\/","url":"https:\/\/www.3sen.expert\/de\/oberflachdickenmessung\/","name":"Oberflachdickenmessung - 3sen Yacht Expertise","isPartOf":{"@id":"https:\/\/www.3sen.expert\/de\/#website"},"datePublished":"2024-02-15T15:22:38+00:00","dateModified":"2024-07-01T18:15:14+00:00","breadcrumb":{"@id":"https:\/\/www.3sen.expert\/de\/oberflachdickenmessung\/#breadcrumb"},"inLanguage":"de","potentialAction":[{"@type":"ReadAction","target":["https:\/\/www.3sen.expert\/de\/oberflachdickenmessung\/"]}]},{"@type":"BreadcrumbList","@id":"https:\/\/www.3sen.expert\/de\/oberflachdickenmessung\/#breadcrumb","itemListElement":[{"@type":"ListItem","position":1,"name":"Home","item":"https:\/\/www.3sen.expert\/de\/"},{"@type":"ListItem","position":2,"name":"Oberflachdickenmessung"}]},{"@type":"WebSite","@id":"https:\/\/www.3sen.expert\/de\/#website","url":"https:\/\/www.3sen.expert\/de\/","name":"3sen Yacht Expertise","description":"Sicherheit \u00fcber den Zustand Ihres Traumschiffes","potentialAction":[{"@type":"SearchAction","target":{"@type":"EntryPoint","urlTemplate":"https:\/\/www.3sen.expert\/de\/?s={search_term_string}"},"query-input":{"@type":"PropertyValueSpecification","valueRequired":true,"valueName":"search_term_string"}}],"inLanguage":"de"}]}},"_links":{"self":[{"href":"https:\/\/www.3sen.expert\/de\/wp-json\/wp\/v2\/pages\/769","targetHints":{"allow":["GET"]}}],"collection":[{"href":"https:\/\/www.3sen.expert\/de\/wp-json\/wp\/v2\/pages"}],"about":[{"href":"https:\/\/www.3sen.expert\/de\/wp-json\/wp\/v2\/types\/page"}],"author":[{"embeddable":true,"href":"https:\/\/www.3sen.expert\/de\/wp-json\/wp\/v2\/users\/1"}],"replies":[{"embeddable":true,"href":"https:\/\/www.3sen.expert\/de\/wp-json\/wp\/v2\/comments?post=769"}],"version-history":[{"count":7,"href":"https:\/\/www.3sen.expert\/de\/wp-json\/wp\/v2\/pages\/769\/revisions"}],"predecessor-version":[{"id":940,"href":"https:\/\/www.3sen.expert\/de\/wp-json\/wp\/v2\/pages\/769\/revisions\/940"}],"wp:attachment":[{"href":"https:\/\/www.3sen.expert\/de\/wp-json\/wp\/v2\/media?parent=769"}],"wp:term":[{"taxonomy":"category","embeddable":true,"href":"https:\/\/www.3sen.expert\/de\/wp-json\/wp\/v2\/categories?post=769"}],"curies":[{"name":"wp","href":"https:\/\/api.w.org\/{rel}","templated":true}]}}