{"id":747,"date":"2024-02-15T15:14:26","date_gmt":"2024-02-15T15:14:26","guid":{"rendered":"https:\/\/www.3sen.expert\/de\/?page_id=747"},"modified":"2024-07-01T18:13:52","modified_gmt":"2024-07-01T18:13:52","slug":"teilinspektion","status":"publish","type":"page","link":"https:\/\/www.3sen.expert\/de\/teilinspektion\/","title":{"rendered":"Technische Teilinspection"},"content":{"rendered":"\t\t<div data-elementor-type=\"wp-page\" data-elementor-id=\"747\" class=\"elementor elementor-747\" data-elementor-post-type=\"page\">\n\t\t\t\t\t\t<section class=\"elementor-section elementor-top-section elementor-element elementor-element-140db9a elementor-section-full_width elementor-section-height-default elementor-section-height-default\" data-id=\"140db9a\" data-element_type=\"section\" data-e-type=\"section\">\n\t\t\t\t\t\t<div class=\"elementor-container elementor-column-gap-no\">\n\t\t\t\t\t<div class=\"elementor-column elementor-col-100 elementor-top-column elementor-element elementor-element-e17a476\" data-id=\"e17a476\" data-element_type=\"column\" data-e-type=\"column\">\n\t\t\t<div class=\"elementor-widget-wrap elementor-element-populated\">\n\t\t\t\t\t\t<div class=\"elementor-element elementor-element-e43a857 s120 elementor-widget elementor-widget-spacer\" data-id=\"e43a857\" data-element_type=\"widget\" data-e-type=\"widget\" data-widget_type=\"spacer.default\">\n\t\t\t\t<div class=\"elementor-widget-container\">\n\t\t\t\t\t    <div class=\"elementor-spacer\">\n      <div class=\"elementor-spacer-inner\"><\/div>\n    <\/div>\n    \t\t\t\t<\/div>\n\t\t\t\t<\/div>\n\t\t\t\t<div class=\"elementor-element elementor-element-f63a9e0 elementor-widget elementor-widget-heading\" data-id=\"f63a9e0\" data-element_type=\"widget\" data-e-type=\"widget\" data-widget_type=\"heading.default\">\n\t\t\t\t<div class=\"elementor-widget-container\">\n\t\t\t\t\t<h1 class=\"elementor-heading-title elementor-size-default\">Technische Teilinspection<\/h1>\t\t\t\t<\/div>\n\t\t\t\t<\/div>\n\t\t\t\t<div class=\"elementor-element elementor-element-e1e785f elementor-widget elementor-widget-jumplist\" data-id=\"e1e785f\" data-element_type=\"widget\" data-e-type=\"widget\" data-widget_type=\"jumplist.default\">\n\t\t\t\t<div class=\"elementor-widget-container\">\n\t\t\t\t\t    <div class=\" header\" >\n    <div class='max-width'>\n      <div class=\"intro\">\n        <p>Ich kann jedes Teil Ihres Schiffes separat bewerten, nat\u00fcrlich basierend auf Ihren W\u00fcnschen.<\/p>      <\/div>\n      \n      \n            \n      \n            <div class='links'>\n                    <a href=\"#antriebsstrang\">Antriebsstrang<\/a>\n                      <a href=\"#lenkung\">Lenkung<\/a>\n                      <a href=\"#motor\">Motor<\/a>\n                      <a href=\"#machinekamer\">Ausstattung des Maschinenraums<\/a>\n                      <a href=\"#batterien\">Batterien<\/a>\n                      <a href=\"#landstrom-generator\">Landstrom und\/oder Generator<\/a>\n                      <a href=\"#elektrizit\u00e4t\">Elektrizit\u00e4t auf dem Schiff<\/a>\n                      <a href=\"#heizung\">Heizung\/K\u00fchlung<\/a>\n                      <a href=\"#navigationsausr\u00fcstung\">Navigationsausr\u00fcstung<\/a>\n                      <a href=\"#gasinstallation\">Gasinstallation<\/a>\n                      <a href=\"#trinkwassersystem\">Trinkwassersystem<\/a>\n                      <a href=\"#F\u00e4kaliensystemSystem\">F\u00e4kaliensystem System<\/a>\n                      <a href=\"#probefahrt\">Probefahrt<\/a>\n                      <a href=\"#sicherheitsausr\u00fcstung\">Sicherheitsausr\u00fcstung<\/a>\n                <\/div>\n            \n      <div class='holder'>\n                <div class=\"item\">\n            <div class=\"image\" style=\"background-image: url(https:\/\/www.3sen.expert\/de\/wp-content\/uploads\/sites\/3\/2024\/02\/aandrijflijn.jpg);\"><\/div>\n            <div class=\"content\">\n              <a name=\"antriebsstrang\"><\/a>\n              <h3>Antriebsstrang<\/h3>\n              <div class=\"text\"><p>Sind die Lager und der Propeller in Ordnung?<\/p><\/div>\n              \n                          <\/div>\n          <\/div>\n                  <div class=\"item\">\n            <div class=\"image\" style=\"background-image: url(https:\/\/www.3sen.expert\/de\/wp-content\/uploads\/sites\/3\/2024\/02\/IMG_1112.jpg);\"><\/div>\n            <div class=\"content\">\n              <a name=\"lenkung\"><\/a>\n              <h3>Lenkung<\/h3>\n              <div class=\"text\"><p>Ist der Lenkzylinder in Ordnung. Keine Leckagen oder losen Teile. Ist der Lenkkopf frei von Spiel?<\/p><\/div>\n              \n                          <\/div>\n          <\/div>\n                  <div class=\"item\">\n            <div class=\"image\" style=\"background-image: url(https:\/\/www.3sen.expert\/de\/wp-content\/uploads\/sites\/3\/2024\/02\/motorsteun-los.jpg);\"><\/div>\n            <div class=\"content\">\n              <a name=\"motor\"><\/a>\n              <h3>Motor<\/h3>\n              <div class=\"text\"><p>Kein Austritt von Fl\u00fcssigkeiten oder Abgasen. Klingt er gut. Was ist im Zweifelsfall zu tun?<\/p><\/div>\n              \n                          <\/div>\n          <\/div>\n                  <div class=\"item\">\n            <div class=\"image\" style=\"background-image: url(https:\/\/www.3sen.expert\/de\/wp-content\/uploads\/sites\/3\/2024\/02\/IMG_6375.jpg);\"><\/div>\n            <div class=\"content\">\n              <a name=\"machinekamer\"><\/a>\n              <h3>Ausstattung des Maschinenraums<\/h3>\n              <div class=\"text\"><p>Alle Kabel sauber und sicher verlegt? Schl\u00e4uche in gutem Zustand und nicht ausgetrocknet. Doppelklemmen unterhalb der Wasserlinie?<\/p><\/div>\n              \n                          <\/div>\n          <\/div>\n                  <div class=\"item\">\n            <div class=\"image\" style=\"background-image: url(https:\/\/www.3sen.expert\/de\/wp-content\/uploads\/sites\/3\/2024\/02\/IMG_7457.jpg);\"><\/div>\n            <div class=\"content\">\n              <a name=\"batterien\"><\/a>\n              <h3>Batterien<\/h3>\n              <div class=\"text\"><p>Kapazit\u00e4t gut? Kabel richtig angeschlossen? W\u00e4rme-entwicklung? Mit W\u00e4rmebildkamera pr\u00fcfen.<\/p><\/div>\n              \n                          <\/div>\n          <\/div>\n                  <div class=\"item\">\n            <div class=\"image\" style=\"background-image: url(https:\/\/www.3sen.expert\/de\/wp-content\/uploads\/sites\/3\/2024\/02\/landstroom.jpeg);\"><\/div>\n            <div class=\"content\">\n              <a name=\"landstrom-generator\"><\/a>\n              <h3>Landstrom und\/oder Generator<\/h3>\n              <div class=\"text\"><p>Liefern sie den richtigen Strom? Richtige Frequenz? Stabil? Auch wenn die Leistung schwankt<\/p><\/div>\n              \n                          <\/div>\n          <\/div>\n                  <div class=\"item\">\n            <div class=\"image\" style=\"background-image: url(https:\/\/www.3sen.expert\/de\/wp-content\/uploads\/sites\/3\/2024\/02\/electriciteit-schip.jpg);\"><\/div>\n            <div class=\"content\">\n              <a name=\"elektrizit\u00e4t\"><\/a>\n              <h3>Elektrizit\u00e4t auf dem Schiff<\/h3>\n              <div class=\"text\"><p>Ist sie solide und sicher verlegt? Scheuern die Kabel nicht? Sind die Kabel dick genug? Keine Chance f\u00fcr Wasser in der N\u00e4he der Kabel.<\/p><\/div>\n              \n                          <\/div>\n          <\/div>\n                  <div class=\"item\">\n            <div class=\"image\" style=\"background-image: url(https:\/\/www.3sen.expert\/de\/wp-content\/uploads\/sites\/3\/2024\/02\/IMG_0480.jpg);\"><\/div>\n            <div class=\"content\">\n              <a name=\"heizung\"><\/a>\n              <h3>Heizung\/K\u00fchlung<\/h3>\n              <div class=\"text\"><p>Funktioniert die Heizung? Luft- oder Wasserheizung? Sind alle Heizk\u00f6rper gut warm? Ist die Klima-anlage kalt genug?<\/p><\/div>\n              \n                          <\/div>\n          <\/div>\n                  <div class=\"item\">\n            <div class=\"image\" style=\"background-image: url(https:\/\/www.3sen.expert\/de\/wp-content\/uploads\/sites\/3\/2024\/02\/navigatie.jpg);\"><\/div>\n            <div class=\"content\">\n              <a name=\"navigationsausr\u00fcstung\"><\/a>\n              <h3>Navigationsausr\u00fcstung<\/h3>\n              <div class=\"text\"><p>Ist alles funktionsf\u00e4hig? Auch das Radar und die Ger\u00e4te, die Sie nicht t\u00e4glich benutzen. Ist der Ais-Empfang ausreichend? Kommunizieren die Uhren miteinander?<\/p><\/div>\n              \n                          <\/div>\n          <\/div>\n                  <div class=\"item\">\n            <div class=\"image\" style=\"background-image: url(https:\/\/www.3sen.expert\/de\/wp-content\/uploads\/sites\/3\/2024\/02\/gasinstallatie.jpg);\"><\/div>\n            <div class=\"content\">\n              <a name=\"gasinstallation\"><\/a>\n              <h3>Gasinstallation<\/h3>\n              <div class=\"text\"><p>Richtig befestigt? Sind die H\u00e4hne leicht zug\u00e4nglich? Funktioniert das Gaswarnger\u00e4t? Sind die Kupplungen richtig montiert? Im Zweifelsfall ist das System zu Abdr\u00fccken.<\/p><\/div>\n              \n                          <\/div>\n          <\/div>\n                  <div class=\"item\">\n            <div class=\"image\" style=\"background-image: url(https:\/\/www.3sen.expert\/de\/wp-content\/uploads\/sites\/3\/2024\/02\/Drinkwatersysteem.jpg);\"><\/div>\n            <div class=\"content\">\n              <a name=\"trinkwassersystem\"><\/a>\n              <h3>Trinkwassersystem<\/h3>\n              <div class=\"text\"><p>Rohre\/Schl\u00e4uche richtig verlegt Keine Leckagen? Korrekte Kupplungen? Funktioniert der Heizkessel? Korrekte Temperatur. Laufen die Waschbecken richtig ab? Flie\u00dft die Dusche richtig ab? Ist das Grauwassersystem in Ordnung?<\/p><\/div>\n              \n                          <\/div>\n          <\/div>\n                  <div class=\"item\">\n            <div class=\"image\" style=\"background-image: url(https:\/\/www.3sen.expert\/de\/wp-content\/uploads\/sites\/3\/2024\/02\/Fecaliensysteem.jpg);\"><\/div>\n            <div class=\"content\">\n              <a name=\"F\u00e4kaliensystemSystem\"><\/a>\n              <h3>F\u00e4kaliensystem System<\/h3>\n              <div class=\"text\"><p>Funktioniert der Filter richtig? \u00dcberm\u00e4\u00dfiger Geruch?Schl\u00e4uche m\u00fcssen ersetzt werden? Funktioniert die Pumpe? Ist das System umschaltbar?<\/p><\/div>\n              \n                          <\/div>\n          <\/div>\n                  <div class=\"item\">\n            <div class=\"image\" style=\"background-image: url(https:\/\/www.3sen.expert\/de\/wp-content\/uploads\/sites\/3\/2024\/02\/IMG_0484.jpg);\"><\/div>\n            <div class=\"content\">\n              <a name=\"probefahrt\"><\/a>\n              <h3>Probefahrt<\/h3>\n              <div class=\"text\"><p>Springt der Motor richtig an? Zeigen die Uhren richtig an? Kein \u00fcberm\u00e4\u00dfiger Rauch? Schaltet das Getriebe wie es sein soll? Gibt es keine \u00fcberm\u00e4\u00dfigen Vibrationen.<span class=\"Apple-converted-space\">\u00a0 <\/span>Sind die Temperaturen, wie sie sein sollte? Die W\u00e4rmebildkamera liefert Ihnen au\u00dferdem viele zus\u00e4tzliche Informationen. Funktionieren die Navigationsger\u00e4te wie es soll?<\/p><\/div>\n              \n                          <\/div>\n          <\/div>\n                  <div class=\"item\">\n            <div class=\"image\" style=\"background-image: url(https:\/\/www.3sen.expert\/de\/wp-content\/uploads\/sites\/3\/2024\/02\/veiligheidsmiddellen.jpg);\"><\/div>\n            <div class=\"content\">\n              <a name=\"sicherheitsausr\u00fcstung\"><\/a>\n              <h3>Sicherheitsausr\u00fcstung<\/h3>\n              <div class=\"text\"><p>Feuerl\u00f6scher zugelassen? Sind gen\u00fcgend Feuerl\u00f6scher an Bord und an der richtigen Stelle? Rauchmelder und Feuermelder? Gasmelder vorhanden?<\/p><\/div>\n              \n                          <\/div>\n          <\/div>\n              <\/div>\n    <\/div>\n    \t\t\t\t<\/div>\n\t\t\t\t<\/div>\n\t\t\t\t<div class=\"elementor-element elementor-element-9428672 s120 elementor-widget elementor-widget-spacer\" data-id=\"9428672\" data-element_type=\"widget\" data-e-type=\"widget\" data-widget_type=\"spacer.default\">\n\t\t\t\t<div class=\"elementor-widget-container\">\n\t\t\t\t\t    <div class=\"elementor-spacer\">\n      <div class=\"elementor-spacer-inner\"><\/div>\n    <\/div>\n    \t\t\t\t<\/div>\n\t\t\t\t<\/div>\n\t\t\t\t<div class=\"elementor-element elementor-element-c484746 elementor-widget elementor-widget-template\" data-id=\"c484746\" data-element_type=\"widget\" data-e-type=\"widget\" data-widget_type=\"template.default\">\n\t\t\t\t<div class=\"elementor-widget-container\">\n\t\t\t\t\t\t\t<div class=\"elementor-template\">\n\t\t\t\t\t<div data-elementor-type=\"section\" data-elementor-id=\"921\" class=\"elementor elementor-921\" data-elementor-post-type=\"elementor_library\">\n\t\t\t\t\t<section class=\"elementor-section elementor-top-section elementor-element elementor-element-73244b49 elementor-section-boxed elementor-section-height-default elementor-section-height-default\" data-id=\"73244b49\" data-element_type=\"section\" data-e-type=\"section\">\n\t\t\t\t\t\t<div class=\"elementor-container elementor-column-gap-no\">\n\t\t\t\t\t<div class=\"elementor-column elementor-col-100 elementor-top-column elementor-element elementor-element-33691a8c\" data-id=\"33691a8c\" data-element_type=\"column\" data-e-type=\"column\">\n\t\t\t<div class=\"elementor-widget-wrap elementor-element-populated\">\n\t\t\t\t\t\t<div class=\"elementor-element elementor-element-35e0efe2 elementor-widget elementor-widget-heading\" data-id=\"35e0efe2\" data-element_type=\"widget\" data-e-type=\"widget\" data-widget_type=\"heading.default\">\n\t\t\t\t<div class=\"elementor-widget-container\">\n\t\t\t\t\t<h2 class=\"elementor-heading-title elementor-size-default\"><span style=\"text-align: start;white-space: normal\">Angebot anfordern<\/span><\/h2>\t\t\t\t<\/div>\n\t\t\t\t<\/div>\n\t\t\t\t<div class=\"elementor-element elementor-element-4c3675ee elementor-align-center elementor-widget elementor-widget-button\" data-id=\"4c3675ee\" data-element_type=\"widget\" data-e-type=\"widget\" data-widget_type=\"button.default\">\n\t\t\t\t<div class=\"elementor-widget-container\">\n\t\t\t\t\t\t\t\t\t<div class=\"elementor-button-wrapper\">\n\t\t\t\t\t<a class=\"elementor-button elementor-button-link elementor-size-sm\" href=\"https:\/\/www.3sen.expert\/de\/angebot-anfordern\">\n\t\t\t\t\t\t<span class=\"elementor-button-content-wrapper\">\n\t\t\t\t\t\t\t\t\t<span class=\"elementor-button-text\">ANGEBOT ANFORDERN<\/span>\n\t\t\t\t\t<\/span>\n\t\t\t\t\t<\/a>\n\t\t\t\t<\/div>\n\t\t\t\t\t\t\t\t<\/div>\n\t\t\t\t<\/div>\n\t\t\t\t\t<\/div>\n\t\t<\/div>\n\t\t\t\t\t<\/div>\n\t\t<\/section>\n\t\t\t\t<\/div>\n\t\t\t\t<\/div>\n\t\t\t\t\t\t<\/div>\n\t\t\t\t<\/div>\n\t\t\t\t<div class=\"elementor-element elementor-element-4c52e76 s120 elementor-widget elementor-widget-spacer\" data-id=\"4c52e76\" data-element_type=\"widget\" data-e-type=\"widget\" data-widget_type=\"spacer.default\">\n\t\t\t\t<div class=\"elementor-widget-container\">\n\t\t\t\t\t    <div class=\"elementor-spacer\">\n      <div class=\"elementor-spacer-inner\"><\/div>\n    <\/div>\n    \t\t\t\t<\/div>\n\t\t\t\t<\/div>\n\t\t\t\t\t<\/div>\n\t\t<\/div>\n\t\t\t\t\t<\/div>\n\t\t<\/section>\n\t\t\t\t<\/div>\n\t\t","protected":false},"excerpt":{"rendered":"<p>Technische Teilinspection Ich kann jedes Teil Ihres Schiffes separat bewerten, nat\u00fcrlich basierend auf Ihren W\u00fcnschen. Antriebsstrang Lenkung Motor Ausstattung des Maschinenraums Batterien Landstrom und\/oder Generator Elektrizit\u00e4t auf dem Schiff Heizung\/K\u00fchlung Navigationsausr\u00fcstung Gasinstallation Trinkwassersystem F\u00e4kaliensystem System Probefahrt Sicherheitsausr\u00fcstung Antriebsstrang Sind die Lager und der Propeller in Ordnung? Lenkung Ist der Lenkzylinder in Ordnung. Keine Leckagen oder [&hellip;]<\/p>\n","protected":false},"author":1,"featured_media":0,"parent":0,"menu_order":0,"comment_status":"closed","ping_status":"closed","template":"","meta":{"footnotes":""},"categories":[],"class_list":["post-747","page","type-page","status-publish","hentry"],"yoast_head":"<!-- This site is optimized with the Yoast SEO plugin v27.5 - https:\/\/yoast.com\/product\/yoast-seo-wordpress\/ -->\n<title>Technische Teilinspection - 3sen Yacht Expertise<\/title>\n<meta name=\"robots\" content=\"index, follow, max-snippet:-1, max-image-preview:large, max-video-preview:-1\" \/>\n<link rel=\"canonical\" href=\"https:\/\/www.3sen.expert\/de\/teilinspektion\/\" \/>\n<meta property=\"og:locale\" content=\"de_DE\" \/>\n<meta property=\"og:type\" content=\"article\" \/>\n<meta property=\"og:title\" content=\"Technische Teilinspection - 3sen Yacht Expertise\" \/>\n<meta property=\"og:description\" content=\"Technische Teilinspection Ich kann jedes Teil Ihres Schiffes separat bewerten, nat\u00fcrlich basierend auf Ihren W\u00fcnschen. Antriebsstrang Lenkung Motor Ausstattung des Maschinenraums Batterien Landstrom und\/oder Generator Elektrizit\u00e4t auf dem Schiff Heizung\/K\u00fchlung Navigationsausr\u00fcstung Gasinstallation Trinkwassersystem F\u00e4kaliensystem System Probefahrt Sicherheitsausr\u00fcstung Antriebsstrang Sind die Lager und der Propeller in Ordnung? Lenkung Ist der Lenkzylinder in Ordnung. Keine Leckagen oder [&hellip;]\" \/>\n<meta property=\"og:url\" content=\"https:\/\/www.3sen.expert\/de\/teilinspektion\/\" \/>\n<meta property=\"og:site_name\" content=\"3sen Yacht Expertise\" \/>\n<meta property=\"article:modified_time\" content=\"2024-07-01T18:13:52+00:00\" \/>\n<meta name=\"twitter:card\" content=\"summary_large_image\" \/>\n<meta name=\"twitter:label1\" content=\"Est. reading time\" \/>\n\t<meta name=\"twitter:data1\" content=\"2 minutes\" \/>\n<script type=\"application\/ld+json\" class=\"yoast-schema-graph\">{\"@context\":\"https:\\\/\\\/schema.org\",\"@graph\":[{\"@type\":\"WebPage\",\"@id\":\"https:\\\/\\\/www.3sen.expert\\\/de\\\/teilinspektion\\\/\",\"url\":\"https:\\\/\\\/www.3sen.expert\\\/de\\\/teilinspektion\\\/\",\"name\":\"Technische Teilinspection - 3sen Yacht Expertise\",\"isPartOf\":{\"@id\":\"https:\\\/\\\/www.3sen.expert\\\/de\\\/#website\"},\"datePublished\":\"2024-02-15T15:14:26+00:00\",\"dateModified\":\"2024-07-01T18:13:52+00:00\",\"breadcrumb\":{\"@id\":\"https:\\\/\\\/www.3sen.expert\\\/de\\\/teilinspektion\\\/#breadcrumb\"},\"inLanguage\":\"de\",\"potentialAction\":[{\"@type\":\"ReadAction\",\"target\":[\"https:\\\/\\\/www.3sen.expert\\\/de\\\/teilinspektion\\\/\"]}]},{\"@type\":\"BreadcrumbList\",\"@id\":\"https:\\\/\\\/www.3sen.expert\\\/de\\\/teilinspektion\\\/#breadcrumb\",\"itemListElement\":[{\"@type\":\"ListItem\",\"position\":1,\"name\":\"Home\",\"item\":\"https:\\\/\\\/www.3sen.expert\\\/de\\\/\"},{\"@type\":\"ListItem\",\"position\":2,\"name\":\"Technische Teilinspection\"}]},{\"@type\":\"WebSite\",\"@id\":\"https:\\\/\\\/www.3sen.expert\\\/de\\\/#website\",\"url\":\"https:\\\/\\\/www.3sen.expert\\\/de\\\/\",\"name\":\"3sen Yacht Expertise\",\"description\":\"Sicherheit \u00fcber den Zustand Ihres Traumschiffes\",\"potentialAction\":[{\"@type\":\"SearchAction\",\"target\":{\"@type\":\"EntryPoint\",\"urlTemplate\":\"https:\\\/\\\/www.3sen.expert\\\/de\\\/?s={search_term_string}\"},\"query-input\":{\"@type\":\"PropertyValueSpecification\",\"valueRequired\":true,\"valueName\":\"search_term_string\"}}],\"inLanguage\":\"de\"}]}<\/script>\n<!-- \/ Yoast SEO plugin. -->","yoast_head_json":{"title":"Technische Teilinspection - 3sen Yacht Expertise","robots":{"index":"index","follow":"follow","max-snippet":"max-snippet:-1","max-image-preview":"max-image-preview:large","max-video-preview":"max-video-preview:-1"},"canonical":"https:\/\/www.3sen.expert\/de\/teilinspektion\/","og_locale":"de_DE","og_type":"article","og_title":"Technische Teilinspection - 3sen Yacht Expertise","og_description":"Technische Teilinspection Ich kann jedes Teil Ihres Schiffes separat bewerten, nat\u00fcrlich basierend auf Ihren W\u00fcnschen. Antriebsstrang Lenkung Motor Ausstattung des Maschinenraums Batterien Landstrom und\/oder Generator Elektrizit\u00e4t auf dem Schiff Heizung\/K\u00fchlung Navigationsausr\u00fcstung Gasinstallation Trinkwassersystem F\u00e4kaliensystem System Probefahrt Sicherheitsausr\u00fcstung Antriebsstrang Sind die Lager und der Propeller in Ordnung? Lenkung Ist der Lenkzylinder in Ordnung. Keine Leckagen oder [&hellip;]","og_url":"https:\/\/www.3sen.expert\/de\/teilinspektion\/","og_site_name":"3sen Yacht Expertise","article_modified_time":"2024-07-01T18:13:52+00:00","twitter_card":"summary_large_image","twitter_misc":{"Est. reading time":"2 minutes"},"schema":{"@context":"https:\/\/schema.org","@graph":[{"@type":"WebPage","@id":"https:\/\/www.3sen.expert\/de\/teilinspektion\/","url":"https:\/\/www.3sen.expert\/de\/teilinspektion\/","name":"Technische Teilinspection - 3sen Yacht Expertise","isPartOf":{"@id":"https:\/\/www.3sen.expert\/de\/#website"},"datePublished":"2024-02-15T15:14:26+00:00","dateModified":"2024-07-01T18:13:52+00:00","breadcrumb":{"@id":"https:\/\/www.3sen.expert\/de\/teilinspektion\/#breadcrumb"},"inLanguage":"de","potentialAction":[{"@type":"ReadAction","target":["https:\/\/www.3sen.expert\/de\/teilinspektion\/"]}]},{"@type":"BreadcrumbList","@id":"https:\/\/www.3sen.expert\/de\/teilinspektion\/#breadcrumb","itemListElement":[{"@type":"ListItem","position":1,"name":"Home","item":"https:\/\/www.3sen.expert\/de\/"},{"@type":"ListItem","position":2,"name":"Technische Teilinspection"}]},{"@type":"WebSite","@id":"https:\/\/www.3sen.expert\/de\/#website","url":"https:\/\/www.3sen.expert\/de\/","name":"3sen Yacht Expertise","description":"Sicherheit \u00fcber den Zustand Ihres Traumschiffes","potentialAction":[{"@type":"SearchAction","target":{"@type":"EntryPoint","urlTemplate":"https:\/\/www.3sen.expert\/de\/?s={search_term_string}"},"query-input":{"@type":"PropertyValueSpecification","valueRequired":true,"valueName":"search_term_string"}}],"inLanguage":"de"}]}},"_links":{"self":[{"href":"https:\/\/www.3sen.expert\/de\/wp-json\/wp\/v2\/pages\/747","targetHints":{"allow":["GET"]}}],"collection":[{"href":"https:\/\/www.3sen.expert\/de\/wp-json\/wp\/v2\/pages"}],"about":[{"href":"https:\/\/www.3sen.expert\/de\/wp-json\/wp\/v2\/types\/page"}],"author":[{"embeddable":true,"href":"https:\/\/www.3sen.expert\/de\/wp-json\/wp\/v2\/users\/1"}],"replies":[{"embeddable":true,"href":"https:\/\/www.3sen.expert\/de\/wp-json\/wp\/v2\/comments?post=747"}],"version-history":[{"count":10,"href":"https:\/\/www.3sen.expert\/de\/wp-json\/wp\/v2\/pages\/747\/revisions"}],"predecessor-version":[{"id":937,"href":"https:\/\/www.3sen.expert\/de\/wp-json\/wp\/v2\/pages\/747\/revisions\/937"}],"wp:attachment":[{"href":"https:\/\/www.3sen.expert\/de\/wp-json\/wp\/v2\/media?parent=747"}],"wp:term":[{"taxonomy":"category","embeddable":true,"href":"https:\/\/www.3sen.expert\/de\/wp-json\/wp\/v2\/categories?post=747"}],"curies":[{"name":"wp","href":"https:\/\/api.w.org\/{rel}","templated":true}]}}